{"id":18,"date":"2024-08-21T11:42:56","date_gmt":"2024-08-21T03:42:56","guid":{"rendered":"http:\/\/huagong.plushcigar.com\/?post_type=product&#038;p=18"},"modified":"2025-12-11T09:43:19","modified_gmt":"2025-12-11T01:43:19","slug":"lauril-eter-sulfato-sodico","status":"publish","type":"product","link":"https:\/\/www.yrcchem.com\/es\/producto\/lauril-eter-sulfato-sodico\/","title":{"rendered":"Lauril \u00e9ter sulfato s\u00f3dico (SLES)"},"content":{"rendered":"<div data-elementor-type=\"product-post\" data-elementor-id=\"18\" class=\"elementor elementor-18\" data-elementor-post-type=\"product\">\n\t\t\t\t\t\t<section class=\"elementor-section elementor-top-section elementor-element elementor-element-217ad3c4 .all-product elementor-section-boxed elementor-section-height-default elementor-section-height-default\" data-id=\"217ad3c4\" data-element_type=\"section\" data-e-type=\"section\">\n\t\t\t\t\t\t<div class=\"elementor-container elementor-column-gap-default\">\n\t\t\t\t\t<div class=\"elementor-column elementor-col-100 elementor-top-column elementor-element elementor-element-1c148084\" data-id=\"1c148084\" data-element_type=\"column\" data-e-type=\"column\">\n\t\t\t<div class=\"elementor-widget-wrap elementor-element-populated\">\n\t\t\t\t\t\t<div class=\"elementor-element elementor-element-1f9c988f elementor-widget elementor-widget-elementskit-simple-tab\" data-id=\"1f9c988f\" data-element_type=\"widget\" data-e-type=\"widget\" data-widget_type=\"elementskit-simple-tab.default\">\n\t\t\t\t<div class=\"elementor-widget-container\">\n\t\t\t\t\t<div class=\"ekit-wid-con\" >        <div class=\"elementkit-tab-wraper   elementskit-fitcontent-tab\">\n            <ul class=\"nav nav-tabs elementkit-tab-nav\">\n                                    <li class=\"elementkit-nav-item elementor-repeater-item-f71ef3b\">\n                        <a class=\"elementkit-nav-link  active show left-pos\" id=\"content-f71ef3b69de0c7c0141d-tab\" data-ekit-handler-id=\"description\" data-ekit-toggle=\"tab\" data-target=\"#content-f71ef3b69de0c7c0141d\" href=\"#Content-f71ef3b69de0c7c0141d\"\n                            data-ekit-toggle-trigger=\"mouseenter\"\n                            aria-describedby=\"Content-f71ef3b69de0c7c0141d\">\n                            <span class=\"fas fa-book elementskit-tab-icon\"><\/span>                            <span class=\"elementskit-tab-title\">Descripci\u00f3n<\/span>\n                        <\/a>\n                    <\/li>\n                                        <li class=\"elementkit-nav-item elementor-repeater-item-c431ce7\">\n                        <a class=\"elementkit-nav-link  left-pos\" id=\"content-c431ce769de0c7c0141d-tab\" data-ekit-handler-id=\"technical-specification\" data-ekit-toggle=\"tab\" data-target=\"#content-c431ce769de0c7c0141d\" href=\"#Content-c431ce769de0c7c0141d\"\n                            data-ekit-toggle-trigger=\"mouseenter\"\n                            aria-describedby=\"Content-c431ce769de0c7c0141d\">\n                            <span class=\"fas fa-table elementskit-tab-icon\"><\/span>                            <span class=\"elementskit-tab-title\">Especificaci\u00f3n T\u00e9cnica<\/span>\n                        <\/a>\n                    <\/li>\n                                        <li class=\"elementkit-nav-item elementor-repeater-item-9a80a09\">\n                        <a class=\"elementkit-nav-link  left-pos\" id=\"content-9a80a0969de0c7c0141d-tab\" data-ekit-handler-id=\"feature\" data-ekit-toggle=\"tab\" data-target=\"#content-9a80a0969de0c7c0141d\" href=\"#Content-9a80a0969de0c7c0141d\"\n                            data-ekit-toggle-trigger=\"mouseenter\"\n                            aria-describedby=\"Content-9a80a0969de0c7c0141d\">\n                            <span class=\"fas fa-table elementskit-tab-icon\"><\/span>                            <span class=\"elementskit-tab-title\">Caracter\u00edstica<\/span>\n                        <\/a>\n                    <\/li>\n                                        <li class=\"elementkit-nav-item elementor-repeater-item-9b9eb3b\">\n                        <a class=\"elementkit-nav-link  left-pos\" id=\"content-9b9eb3b69de0c7c0141d-tab\" data-ekit-handler-id=\"application\" data-ekit-toggle=\"tab\" data-target=\"#content-9b9eb3b69de0c7c0141d\" href=\"#Content-9b9eb3b69de0c7c0141d\"\n                            data-ekit-toggle-trigger=\"mouseenter\"\n                            aria-describedby=\"Content-9b9eb3b69de0c7c0141d\">\n                            <span class=\"fas fa-table elementskit-tab-icon\"><\/span>                            <span class=\"elementskit-tab-title\">Aplicaci\u00f3n<\/span>\n                        <\/a>\n                    <\/li>\n                                <\/ul>\n\n            <div class=\"tab-content elementkit-tab-content\">\n                                    <div class=\"tab-pane elementkit-tab-pane elementor-repeater-item-f71ef3b  active show\" id=\"content-f71ef3b69de0c7c0141d\" role=\"tabpanel\"\n                         aria-labelledby=\"content-f71ef3b69de0c7c0141d-tab\">\n                        <div class=\"animated fadeIn\">\n                            <p>El lauril \u00e9ter sulfato s\u00f3dico, conocido indistintamente como lauril \u00e9ter sulfato s\u00f3dico (SLES), ha sido uno de los principales tensioactivos utilizados en detergentes dom\u00e9sticos, productos de cuidado personal y cosm\u00e9ticos. Es un tensioactivo ani\u00f3nico suave derivado del coco con un gran equilibrio entre coste y rendimiento, que se utiliza principalmente como emulsionante, limpiador y agente espumante en productos suaves al tacto con la piel.<\/p><p>Gracias a su gran poder de limpieza, suavidad y excelente compatibilidad con otros tensioactivos, puede encontrarse en casi todos los productos de limpieza con aclarado. Comparado con el otro tensioactivo primario rival, el \u00e1cido alquilbenceno sulf\u00f3nico lineal (LABSA), el SLES es mucho m\u00e1s suave, natural y resistente al agua dura.<\/p><p>YRC Chemist se ha asociado con los principales productores de SLES, uno de los cuales es nuestro vecino de al lado, a trav\u00e9s de acuerdos de fabricaci\u00f3n por encargo con terceros. Podemos suministrar SLES 70% de primera calidad a un precio competitivo, con una capacidad de 10.000 toneladas al mes.<\/p><h2>Imagen<\/h2><p><img fetchpriority=\"high\" decoding=\"async\" class=\"alignnone size-full wp-image-447\" src=\"https:\/\/www.yrcchem.com\/wp-content\/uploads\/2024\/08\/3-3.jpg\" alt=\"Lauril \u00e9ter sulfato s\u00f3dico (SLES)\" width=\"800\" height=\"600\" \/><\/p><p><img decoding=\"async\" class=\"alignnone size-full wp-image-448\" src=\"https:\/\/www.yrcchem.com\/wp-content\/uploads\/2024\/08\/4-3.jpg\" alt=\"Lauril \u00e9ter sulfato s\u00f3dico (SLES)\" width=\"800\" height=\"630\" \/><\/p><p><img decoding=\"async\" class=\"alignnone size-full wp-image-449\" src=\"https:\/\/www.yrcchem.com\/wp-content\/uploads\/2024\/08\/5-3.jpg\" alt=\"Lauril \u00e9ter sulfato s\u00f3dico (SLES)\" width=\"800\" height=\"886\" \/><\/p><p><img loading=\"lazy\" decoding=\"async\" class=\"alignnone size-full wp-image-450\" src=\"https:\/\/www.yrcchem.com\/wp-content\/uploads\/2024\/08\/6-3.jpg\" alt=\"Lauril \u00e9ter sulfato s\u00f3dico (SLES)\" width=\"800\" height=\"490\" \/><\/p>                        <\/div>\n                    <\/div>\n                                    <div class=\"tab-pane elementkit-tab-pane elementor-repeater-item-c431ce7\" id=\"content-c431ce769de0c7c0141d\" role=\"tabpanel\"\n                         aria-labelledby=\"content-c431ce769de0c7c0141d-tab\">\n                        <div class=\"animated fadeIn\">\n                            <table border='1'>\n<tbody>\n<tr height='50'>\n<td width=\"226\"><strong><b>Elemento De Prueba<\/b><\/strong><\/td>\n<td width=\"268\"><strong><b>Normas<\/b><\/strong><\/td>\n<td width=\"185\"><strong><b>Los Resultados De La Prueba<\/b><\/strong><\/td>\n<\/tr>\n<tr height='50'>\n<td width=\"226\">Aspecto (25\u2103)<\/td>\n<td width=\"268\">Pasta viscosa blanca o amarilla clara<\/td>\n<td width=\"185\">A ojo<\/td>\n<\/tr>\n<tr height='50'>\n<td width=\"226\">Olor<\/td>\n<td width=\"268\">Olor caracter\u00edstico<\/td>\n<td width=\"185\">Por olor<\/td>\n<\/tr>\n<tr height='50'>\n<td width=\"226\">Contenido en materia activa, %<\/td>\n<td width=\"268\">70\u00b12<\/td>\n<td width=\"185\">GB\/T 5173-2018<\/td>\n<\/tr>\n<tr height='50'>\n<td width=\"226\">Contenido de materia no sulfatada, %<\/td>\n<td width=\"268\">\u22643.5<\/td>\n<td width=\"185\">GB\/T 13530-2008<\/td>\n<\/tr>\n<tr height='50'>\n<td width=\"226\">Contenido de sulfato de sodio, %<\/td>\n<td width=\"268\">\u22641.5<\/td>\n<td width=\"185\">GB\/T 6366-2002<\/td>\n<\/tr>\n<tr height='50'>\n<td width=\"226\">Contenido total en cloruros, %<\/td>\n<td width=\"268\">\u22640.3<\/td>\n<td width=\"185\">TA4015<\/td>\n<\/tr>\n<tr height='50'>\n<td width=\"226\">Contenido en hierro, ppm<\/td>\n<td width=\"268\">3.0<\/td>\n<td width=\"185\">TA4020<\/td>\n<\/tr>\n<tr height='50'>\n<td width=\"226\">Color (5%Am.aq.sol.), Klett<\/td>\n<td width=\"268\">\u226430<\/td>\n<td width=\"185\">GB\/T 3143-1982<\/td>\n<\/tr>\n<tr height='50'>\n<td width=\"226\">Valor PH (1% sol)<\/td>\n<td width=\"268\">6.5\uff5e9.5<\/td>\n<td width=\"185\">GB\/T 6368-2008<\/td>\n<\/tr>\n<tr height='50'>\n<td width=\"226\">Contenido de dioxano, ppm<\/td>\n<td width=\"268\">\u226430<\/td>\n<td width=\"185\">GBT 5173-1995<\/td>\n<\/tr>\n<\/tbody>\n<\/table>                        <\/div>\n                    <\/div>\n                                    <div class=\"tab-pane elementkit-tab-pane elementor-repeater-item-9a80a09\" id=\"content-9a80a0969de0c7c0141d\" role=\"tabpanel\"\n                         aria-labelledby=\"content-9a80a0969de0c7c0141d-tab\">\n                        <div class=\"animated fadeIn\">\n                            <h2>Caracter\u00edsticas y ventajas:<\/h2><p>Excelente solubilidad y compatibilidad con otros tensioactivos, lo que proporciona una gran flexibilidad de formulaci\u00f3n.<\/p><p>Su suavidad y baja irritaci\u00f3n lo hacen perfecto para formular todo tipo de productos de contacto con la piel, por nombrar algunos, champ\u00fa, loci\u00f3n corporal, limpiador facial y jab\u00f3n l\u00edquido de manos.<\/p><p>Con gran capacidad espumante, emulsionante y limpiadora, y buena resistencia al agua dura.<\/p><p>Elaborado a partir de extracto natural de coco, con un excelente \u00edndice de degradaci\u00f3n de hasta 92%.<\/p><h2>Estabilidad\/Vida \u00fatil:<\/h2><p>Estable. Combustible. Incompatible con agentes oxidantes potentes.<\/p><p>Gu\u00e1rdelo en un lugar fresco, seco y oscuro.<\/p><p>En condiciones de almacenamiento adecuadas, la vida \u00fatil del Lauril \u00c9ter Sulfato de Sodio es de 24 meses.<\/p><h2>Dosis recomendada:<\/h2><p>La dosis recomendada de Lauril \u00e9ter sulfato s\u00f3dico en detergentes, productos de cuidado personal y cosm\u00e9ticos es de 5,0%-18,0%<\/p>                        <\/div>\n                    <\/div>\n                                    <div class=\"tab-pane elementkit-tab-pane elementor-repeater-item-9b9eb3b\" id=\"content-9b9eb3b69de0c7c0141d\" role=\"tabpanel\"\n                         aria-labelledby=\"content-9b9eb3b69de0c7c0141d-tab\">\n                        <div class=\"animated fadeIn\">\n                            <h2>Aplicaci\u00f3n:<\/h2><p>1. En la producci\u00f3n de detergentes l\u00edquidos para lavavajillas y m\u00e1quinas, materiales t\u00e9cnicos de limpieza.<\/p><p>2. Reduce la tensi\u00f3n superficial en productos cosm\u00e9ticos de limpieza como champ\u00fa, jab\u00f3n, gel de ducha y espuma de ba\u00f1o.<\/p><p>3. Se prefiere para este proceso porque se diluye f\u00e1cilmente con sales y tiene un buen car\u00e1cter espumante.<\/p>                        <\/div>\n                    <\/div>\n                                \n            <\/div>\n                    <\/div>\n    <\/div>\t\t\t\t<\/div>\n\t\t\t\t<\/div>\n\t\t\t\t<div class=\"elementor-element elementor-element-e60d4c5 elementor-align-center elementor-widget elementor-widget-button\" data-id=\"e60d4c5\" data-element_type=\"widget\" data-e-type=\"widget\" data-widget_type=\"button.default\">\n\t\t\t\t<div class=\"elementor-widget-container\">\n\t\t\t\t\t\t\t\t\t<div class=\"elementor-button-wrapper\">\n\t\t\t\t\t<a class=\"elementor-button elementor-button-link elementor-size-sm\" href=\"https:\/\/www.yrcchem.com\/wp-content\/uploads\/2024\/08\/COA-SLES-70.pdf\" target=\"_blank\">\n\t\t\t\t\t\t<span class=\"elementor-button-content-wrapper\">\n\t\t\t\t\t\t\t\t\t<span class=\"elementor-button-text\">Descargar COA Ahora<\/span>\n\t\t\t\t\t<\/span>\n\t\t\t\t\t<\/a>\n\t\t\t\t<\/div>\n\t\t\t\t\t\t\t\t<\/div>\n\t\t\t\t<\/div>\n\t\t\t\t\t<\/div>\n\t\t<\/div>\n\t\t\t\t\t<\/div>\n\t\t<\/section>\n\t\t\t\t<\/div>\n\t\t<div style='text-align:center' class='yasr-auto-insert-visitor'><\/div>","protected":false},"excerpt":{"rendered":"<p><strong><span style=\"vertical-align: inherit;\"><span style=\"vertical-align: inherit;\">INCI \u540d\u79f0<\/span><\/span><\/strong><span style=\"vertical-align: inherit;\"><span style=\"vertical-align: inherit;\">: \u6708\u6842\u9187\u805a\u919a\u786b\u9178\u916f\u94a0<\/span><\/span><\/p>\n<p><strong><span style=\"vertical-align: inherit;\"><span style=\"vertical-align: inherit;\">CAS\u7f16\u53f7<\/span><\/span><\/strong><span style=\"vertical-align: inherit;\"><span style=\"vertical-align: inherit;\">\uff1a68585-34-2<\/span><\/span><\/p>\n<p><strong><span style=\"vertical-align: inherit;\"><span style=\"vertical-align: inherit;\">\u5206\u5b50\u5f0f<\/span><\/span><\/strong><span style=\"vertical-align: inherit;\"><span style=\"vertical-align: inherit;\">\uff1aCH3(CH2)11(OCH2CH2)NOSO3Na<\/span><\/span><\/p>\n<p><strong><span style=\"vertical-align: inherit;\"><span style=\"vertical-align: inherit;\">\u6765\u6e90<\/span><\/span><\/strong><span style=\"vertical-align: inherit;\"><span style=\"vertical-align: inherit;\">\uff1aSINOLIGHT SLSAC<\/span><\/span><\/p>\n<p><strong><span style=\"vertical-align: inherit;\"><span style=\"vertical-align: inherit;\">\u6267\u884c\u6807\u51c6\uff1a<\/span><\/span><\/strong><span style=\"vertical-align: inherit;\"><span style=\"vertical-align: inherit;\"> \u00a0 GB\/T 13529-2011<\/span><\/span><\/p>\n<p><strong><span style=\"vertical-align: inherit;\"><span style=\"vertical-align: inherit;\">\u5305\u88c5<\/span><\/span><\/strong><span style=\"vertical-align: inherit;\"><span style=\"vertical-align: inherit;\">\uff1a170KG\/220KG\u5851\u6599\u6876\u62161000KG IBC\u7f50<\/span><\/span><\/p>\n<p><strong><span style=\"vertical-align: inherit;\"><span style=\"vertical-align: inherit;\">\u5176\u4ed6\u540d\u79f0<\/span><\/span><\/strong><span style=\"vertical-align: inherit;\"><span style=\"vertical-align: inherit;\">\uff1a\u6708\u6842\u9187\u805a\u919a\u786b\u9178\u916f\u94a0\u3001\u6708\u6842\u9187\u786b\u9178\u916f\u94a0\u3001\u5341\u4e8c\u70f7\u57fa\u919a\u786b\u9178\u94a0\u3001SLES 70\u3001AES\u3001Texapon N70\u3001Sles \u5341\u4e8c\u70f7\u57fa\u919a\u786b\u9178\u94a0\u3001\u5341\u4e8c\u70f7\u57fa\u805a\u6c27\u4e59\u70ef\u919a\u786b\u9178\u94a0<\/span><\/span><\/p>\n<p><strong><span style=\"vertical-align: inherit;\"><span style=\"vertical-align: inherit;\">\u7528\u9014<\/span><\/span><\/strong><span style=\"vertical-align: inherit;\"><span style=\"vertical-align: inherit;\">\uff1a\u4e2a\u4eba\u62a4\u7406\u54c1\uff08\u6d17\u53d1\u6c34\u3001\u6c90\u6d74\u9732\u3001\u6d17\u9762\u5976\uff09\u3001\u5bb6\u5c45\u6e05\u6d01\u5242\uff08\u6d17\u8863\u7c89\uff09\u3001\u5de5\u4e1a\u7528\u9014\u3001\u73af\u4fdd\u914d\u65b9<\/span><\/span><\/p>","protected":false},"featured_media":225,"comment_status":"open","ping_status":"closed","template":"","meta":{"_acf_changed":false,"_seopress_robots_primary_cat":"none","_seopress_titles_title":"Sodium Lauryl Ether Sulfate (SLES),Sles 70 %,Sles chemical","_seopress_titles_desc":"SLES 70%(Sodium Lauryl Ether Sulfate) is High-efficiency anionic surfactant for personal care( shampoo) and cleaning detergent.","_seopress_robots_index":"","_kad_post_transparent":"default","_kad_post_title":"","_kad_post_layout":"default","_kad_post_sidebar_id":"","_kad_post_content_style":"default","_kad_post_vertical_padding":"default","_kad_post_feature":"","_kad_post_feature_position":"","_kad_post_header":false,"_kad_post_footer":false,"yasr_overall_rating":5,"yasr_post_is_review":"","yasr_auto_insert_disabled":"","yasr_review_type":""},"product_brand":[],"product_cat":[17],"product_tag":[35,36,34,37],"class_list":{"0":"post-18","1":"product","2":"type-product","3":"status-publish","4":"has-post-thumbnail","6":"product_cat-chemicals","7":"product_tag-light-yellow-viscous-liquid-or-paste","8":"product_tag-soluble-in-water-easily","9":"product_tag-sudium-lauryl-ether-sulfate","10":"product_tag-used-for-shampoo","12":"first","13":"instock","14":"shipping-taxable","15":"product-type-simple","16":"entry","17":"content-bg","18":"loop-entry"},"acf":[],"yasr_visitor_votes":{"stars_attributes":{"read_only":false,"span_bottom":false},"number_of_votes":1,"sum_votes":5},"_links":{"self":[{"href":"https:\/\/www.yrcchem.com\/es\/wp-json\/wp\/v2\/product\/18","targetHints":{"allow":["GET"]}}],"collection":[{"href":"https:\/\/www.yrcchem.com\/es\/wp-json\/wp\/v2\/product"}],"about":[{"href":"https:\/\/www.yrcchem.com\/es\/wp-json\/wp\/v2\/types\/product"}],"replies":[{"embeddable":true,"href":"https:\/\/www.yrcchem.com\/es\/wp-json\/wp\/v2\/comments?post=18"}],"version-history":[{"count":23,"href":"https:\/\/www.yrcchem.com\/es\/wp-json\/wp\/v2\/product\/18\/revisions"}],"predecessor-version":[{"id":1278,"href":"https:\/\/www.yrcchem.com\/es\/wp-json\/wp\/v2\/product\/18\/revisions\/1278"}],"wp:featuredmedia":[{"embeddable":true,"href":"https:\/\/www.yrcchem.com\/es\/wp-json\/wp\/v2\/media\/225"}],"wp:attachment":[{"href":"https:\/\/www.yrcchem.com\/es\/wp-json\/wp\/v2\/media?parent=18"}],"wp:term":[{"taxonomy":"product_brand","embeddable":true,"href":"https:\/\/www.yrcchem.com\/es\/wp-json\/wp\/v2\/product_brand?post=18"},{"taxonomy":"product_cat","embeddable":true,"href":"https:\/\/www.yrcchem.com\/es\/wp-json\/wp\/v2\/product_cat?post=18"},{"taxonomy":"product_tag","embeddable":true,"href":"https:\/\/www.yrcchem.com\/es\/wp-json\/wp\/v2\/product_tag?post=18"}],"curies":[{"name":"wp","href":"https:\/\/api.w.org\/{rel}","templated":true}]}}