{"id":19,"date":"2024-08-21T11:42:56","date_gmt":"2024-08-21T03:42:56","guid":{"rendered":"http:\/\/huagong.plushcigar.com\/?post_type=product&#038;p=19"},"modified":"2025-11-03T16:49:57","modified_gmt":"2025-11-03T08:49:57","slug":"sulfato-sodico-anhidro","status":"publish","type":"product","link":"https:\/\/www.yrcchem.com\/es\/producto\/sulfato-sodico-anhidro\/","title":{"rendered":"Sulfato De Sodio Anhidro"},"content":{"rendered":"<div data-elementor-type=\"product-post\" data-elementor-id=\"19\" class=\"elementor elementor-19\" data-elementor-post-type=\"product\">\n\t\t\t\t\t\t<section class=\"elementor-section elementor-top-section elementor-element elementor-element-5ba01275 .all-product elementor-section-boxed elementor-section-height-default elementor-section-height-default\" data-id=\"5ba01275\" data-element_type=\"section\" data-e-type=\"section\">\n\t\t\t\t\t\t<div class=\"elementor-container elementor-column-gap-default\">\n\t\t\t\t\t<div class=\"elementor-column elementor-col-100 elementor-top-column elementor-element elementor-element-7a5d636a\" data-id=\"7a5d636a\" data-element_type=\"column\" data-e-type=\"column\">\n\t\t\t<div class=\"elementor-widget-wrap elementor-element-populated\">\n\t\t\t\t\t\t<div class=\"elementor-element elementor-element-3919720f elementor-widget elementor-widget-elementskit-simple-tab\" data-id=\"3919720f\" data-element_type=\"widget\" data-e-type=\"widget\" data-widget_type=\"elementskit-simple-tab.default\">\n\t\t\t\t<div class=\"elementor-widget-container\">\n\t\t\t\t\t<div class=\"ekit-wid-con\" >        <div class=\"elementkit-tab-wraper   elementskit-fitcontent-tab\">\n            <ul class=\"nav nav-tabs elementkit-tab-nav\">\n                                    <li class=\"elementkit-nav-item elementor-repeater-item-f71ef3b\">\n                        <a class=\"elementkit-nav-link  active show left-pos\" id=\"content-f71ef3b69dbe86a495f1-tab\" data-ekit-handler-id=\"description\" data-ekit-toggle=\"tab\" data-target=\"#content-f71ef3b69dbe86a495f1\" href=\"#Content-f71ef3b69dbe86a495f1\"\n                            data-ekit-toggle-trigger=\"mouseenter\"\n                            aria-describedby=\"Content-f71ef3b69dbe86a495f1\">\n                            <span class=\"fas fa-book elementskit-tab-icon\"><\/span>                            <span class=\"elementskit-tab-title\">Descripci\u00f3n<\/span>\n                        <\/a>\n                    <\/li>\n                                        <li class=\"elementkit-nav-item elementor-repeater-item-c431ce7\">\n                        <a class=\"elementkit-nav-link  left-pos\" id=\"content-c431ce769dbe86a495f1-tab\" data-ekit-handler-id=\"technical-specification\" data-ekit-toggle=\"tab\" data-target=\"#content-c431ce769dbe86a495f1\" href=\"#Content-c431ce769dbe86a495f1\"\n                            data-ekit-toggle-trigger=\"mouseenter\"\n                            aria-describedby=\"Content-c431ce769dbe86a495f1\">\n                            <span class=\"fas fa-table elementskit-tab-icon\"><\/span>                            <span class=\"elementskit-tab-title\">Especificaci\u00f3n T\u00e9cnica<\/span>\n                        <\/a>\n                    <\/li>\n                                        <li class=\"elementkit-nav-item elementor-repeater-item-9a80a09\">\n                        <a class=\"elementkit-nav-link  left-pos\" id=\"content-9a80a0969dbe86a495f1-tab\" data-ekit-handler-id=\"feature\" data-ekit-toggle=\"tab\" data-target=\"#content-9a80a0969dbe86a495f1\" href=\"#Content-9a80a0969dbe86a495f1\"\n                            data-ekit-toggle-trigger=\"mouseenter\"\n                            aria-describedby=\"Content-9a80a0969dbe86a495f1\">\n                            <span class=\"fas fa-table elementskit-tab-icon\"><\/span>                            <span class=\"elementskit-tab-title\">Caracter\u00edstica<\/span>\n                        <\/a>\n                    <\/li>\n                                        <li class=\"elementkit-nav-item elementor-repeater-item-9b9eb3b\">\n                        <a class=\"elementkit-nav-link  left-pos\" id=\"content-9b9eb3b69dbe86a495f1-tab\" data-ekit-handler-id=\"application\" data-ekit-toggle=\"tab\" data-target=\"#content-9b9eb3b69dbe86a495f1\" href=\"#Content-9b9eb3b69dbe86a495f1\"\n                            data-ekit-toggle-trigger=\"mouseenter\"\n                            aria-describedby=\"Content-9b9eb3b69dbe86a495f1\">\n                            <span class=\"fas fa-table elementskit-tab-icon\"><\/span>                            <span class=\"elementskit-tab-title\">Aplicaci\u00f3n<\/span>\n                        <\/a>\n                    <\/li>\n                                <\/ul>\n\n            <div class=\"tab-content elementkit-tab-content\">\n                                    <div class=\"tab-pane elementkit-tab-pane elementor-repeater-item-f71ef3b  active show\" id=\"content-f71ef3b69dbe86a495f1\" role=\"tabpanel\"\n                         aria-labelledby=\"content-f71ef3b69dbe86a495f1-tab\">\n                        <div class=\"animated fadeIn\">\n                            <p>El sulfato de sodio, tambi\u00e9n conocido como sulfato de sodio o sal de Glauber, es un compuesto qu\u00edmico con diversas aplicaciones en diferentes industrias. Es un s\u00f3lido cristalino blanco, inodoro y muy soluble en agua. El sulfato de sodio se obtiene tanto de fuentes naturales como sint\u00e9ticas y se ha utilizado durante siglos debido a su versatilidad y propiedades beneficiosas.<\/p><p>El sulfato de sodio (tambi\u00e9n conocido como sulfato de sodio o sulfato de sosa) es un compuesto inorg\u00e1nico cuya f\u00f3rmula es Na2SO4, as\u00ed como varios hidratos relacionados. Todas sus formas son s\u00f3lidos blancos muy solubles en agua. Con una producci\u00f3n anual de 6 millones de toneladas, el decahidrato es un importante producto qu\u00edmico b\u00e1sico. Se utiliza principalmente como carga en la fabricaci\u00f3n de detergentes dom\u00e9sticos en polvo y en el proceso Kraft de fabricaci\u00f3n de pasta de papel para obtener sulfuros altamente alcalinos.<\/p><p><em><a href=\"https:\/\/www.yrcchem.com\/mitigating-hidden-pitfalls-the-5-risk-management-essentials-for-professional-sodium-sulfate-procurement\/\">Our Risk-Managed SSA Approach<\/a><\/em><\/p><h2>Im\u00e1genes<\/h2><p><img fetchpriority=\"high\" decoding=\"async\" class=\"alignnone size-full wp-image-453\" src=\"https:\/\/www.yrcchem.com\/wp-content\/uploads\/2024\/08\/3-4.jpg\" alt=\"Sulfato De Sodio Anhidro\" width=\"800\" height=\"1019\" \/><\/p><p><img decoding=\"async\" class=\"alignnone size-full wp-image-457\" src=\"https:\/\/www.yrcchem.com\/wp-content\/uploads\/2024\/08\/7-2.jpg\" alt=\"Sulfato De Sodio Anhidro\" width=\"800\" height=\"963\" \/><\/p><p><img decoding=\"async\" class=\"alignnone size-medium wp-image-456\" src=\"https:\/\/www.yrcchem.com\/wp-content\/uploads\/2024\/08\/6-4.jpg\" alt=\"Sulfato De Sodio Anhidro\" width=\"800\" height=\"975\" \/><\/p><p><img loading=\"lazy\" decoding=\"async\" class=\"alignnone size-medium wp-image-455\" src=\"https:\/\/www.yrcchem.com\/wp-content\/uploads\/2024\/08\/5-4.jpg\" alt=\"Sulfato De Sodio Anhidro\" width=\"800\" height=\"1007\" \/><\/p><p><img loading=\"lazy\" decoding=\"async\" class=\"alignnone size-medium wp-image-454\" src=\"https:\/\/www.yrcchem.com\/wp-content\/uploads\/2024\/08\/4-4.jpg\" alt=\"Sulfato De Sodio Anhidro\" width=\"800\" height=\"1040\" \/><\/p>                        <\/div>\n                    <\/div>\n                                    <div class=\"tab-pane elementkit-tab-pane elementor-repeater-item-c431ce7\" id=\"content-c431ce769dbe86a495f1\" role=\"tabpanel\"\n                         aria-labelledby=\"content-c431ce769dbe86a495f1-tab\">\n                        <div class=\"animated fadeIn\">\n                            <table border=\"1\" width=\"537\"><tbody><tr><td width=\"219\" height=\"50px;\">Elemento De Prueba<\/td><td width=\"219\" height=\"50px;\">Normas<\/td><td width=\"159\">Los Resultados De La Prueba<\/td><\/tr><tr><td width=\"219\" height=\"50px;\">Na2SO4%<\/td><td width=\"159\">99.00% min<\/td><td width=\"159\">99.5<\/td><\/tr><tr><td width=\"219\" height=\"50px;\">Materia insoluble en agua%<\/td><td width=\"159\">0.1% max<\/td><td width=\"159\">0.02<\/td><\/tr><tr><td width=\"219\" height=\"50px;\">Ca Y Mg (Mg)%<\/td><td width=\"159\">0.3% max<\/td><td width=\"159\">0.02<\/td><\/tr><tr><td width=\"219\" height=\"50px;\">Cloruro(Cl )%<\/td><td width=\"159\">0.7% max<\/td><td width=\"159\">0.66<\/td><\/tr><tr><td width=\"219\" height=\"50px;\">Fe %<\/td><td width=\"159\">0.1% max<\/td><td width=\"159\">0.001<\/td><\/tr><tr><td width=\"219\" height=\"50px;\">Humedad %<\/td><td width=\"159\">0.20% max<\/td><td width=\"159\">0.03<\/td><\/tr><tr><td width=\"219\" height=\"50px;\">La blancura<\/td><td width=\"159\">El 82% min<\/td><td width=\"159\">88<\/td><\/tr><tr><td width=\"219\" height=\"50px;\">Valor de PH<\/td><td width=\"159\">8-10<\/td><td width=\"159\">9.1<\/td><\/tr><\/tbody><\/table><p>\u00a0<\/p><p>All our Viscose Grade Sodium Sulfate is produced to meet stringent specifications.\u00a0<a href=\"https:\/\/www.yrcchem.com\/viscose-grade-sodium-sulfate-anhydrous-the-critical-ph-metric\/\"><em>Learn more about our pH testing protocol and why it&#8217;s a critical quality metric.<\/em><\/a><\/p>                        <\/div>\n                    <\/div>\n                                    <div class=\"tab-pane elementkit-tab-pane elementor-repeater-item-9a80a09\" id=\"content-9a80a0969dbe86a495f1\" role=\"tabpanel\"\n                         aria-labelledby=\"content-9a80a0969dbe86a495f1-tab\">\n                        <div class=\"animated fadeIn\">\n                            <h2>Caracter\u00edsticas y ventajas:<\/h2><p>La utilidad del sulfato s\u00f3dico puede atribuirse a varias ventajas clave:<\/p><p><strong>Asequibilidad<\/strong>: El sulfato de sodio es rentable, lo que lo convierte en una opci\u00f3n atractiva para las industrias que requieren grandes cantidades del compuesto.<\/p><p><strong>Versatilidad<\/strong>: Su amplia gama de aplicaciones en diferentes industrias pone de relieve su versatilidad como compuesto qu\u00edmico.<\/p><p><strong>Ecol\u00f3gico<\/strong>: El sulfato s\u00f3dico no es t\u00f3xico y es respetuoso con el medio ambiente, por lo que su manipulaci\u00f3n y eliminaci\u00f3n son m\u00ednimas.<\/p><p><strong>Agente tint\u00f3reo eficaz<\/strong>: En la industria textil, ayuda a conseguir colores uniformes y vibrantes en los tejidos durante el proceso de te\u00f1ido.<\/p><p><strong>Aprobaci\u00f3n reglamentaria<\/strong>: Los organismos reguladores han aprobado su uso en diversas industrias, lo que garantiza su seguridad e idoneidad para las aplicaciones previstas.<\/p><h2>Estabilidad\/Vida \u00fatil:<\/h2><p>Estable, se oxida ligeramente con el almacenamiento a largo plazo. Cuando se almacena en un lugar fresco y seco, la vida \u00fatil esperada con una degradaci\u00f3n m\u00ednima (menos de 1% actividad) es de un a\u00f1o. La vida \u00fatil real puede ser mayor.<\/p>                        <\/div>\n                    <\/div>\n                                    <div class=\"tab-pane elementkit-tab-pane elementor-repeater-item-9b9eb3b\" id=\"content-9b9eb3b69dbe86a495f1\" role=\"tabpanel\"\n                         aria-labelledby=\"content-9b9eb3b69dbe86a495f1-tab\">\n                        <div class=\"animated fadeIn\">\n                            <h2>Aplicaci\u00f3n:<\/h2><p><strong>Detergentes<\/strong><\/p><p>El mayor uso es como relleno en detergentes dom\u00e9sticos en polvo, consumiendo aproximadamente 50% de la producci\u00f3n mundial.<\/p><p><strong>Fabricaci\u00f3n de papel<\/strong><\/p><p>en el proceso Kraft para la fabricaci\u00f3n de pasta de madera. Los org\u00e1nicos presentes en el \"licor negro\" de este proceso se queman para producir calor, necesario para impulsar la reducci\u00f3n del sulfato s\u00f3dico a sulfuro s\u00f3dico.<\/p><p><strong>Cristaler\u00eda<\/strong><\/p><p>El sulfato s\u00f3dico se utiliza como agente clarificante para eliminar las peque\u00f1as burbujas de aire del vidrio fundido. Fundente el vidrio y evita la formaci\u00f3n de escoria en el vidrio fundido durante el refinado.<\/p><p><strong>Textiles<\/strong><\/p><p>El sulfato s\u00f3dico se a\u00f1ade para aumentar la fuerza i\u00f3nica de la soluci\u00f3n y contribuir as\u00ed a la \"nivelaci\u00f3n\", es decir, a la reducci\u00f3n de las cargas el\u00e9ctricas negativas de las fibras textiles, de modo que los tintes puedan penetrar uniformemente. A diferencia del cloruro s\u00f3dico alternativo, no corroe los recipientes de acero inoxidable utilizados en la tintura.<\/p><p><strong>Industria alimentaria<\/strong><\/p><p>El sulfato s\u00f3dico se utiliza como diluyente de colorantes alimentarios.<\/p>                        <\/div>\n                    <\/div>\n                                \n            <\/div>\n                    <\/div>\n    <\/div>\t\t\t\t<\/div>\n\t\t\t\t<\/div>\n\t\t\t\t<div class=\"elementor-element elementor-element-25de74ad elementor-align-center elementor-widget elementor-widget-button\" data-id=\"25de74ad\" data-element_type=\"widget\" data-e-type=\"widget\" data-widget_type=\"button.default\">\n\t\t\t\t<div class=\"elementor-widget-container\">\n\t\t\t\t\t\t\t\t\t<div class=\"elementor-button-wrapper\">\n\t\t\t\t\t<a class=\"elementor-button elementor-button-link elementor-size-sm\" href=\"https:\/\/www.yrcchem.com\/wp-content\/uploads\/2024\/08\/COA-Sodium-Sulphate-Anhydrous.pdf\" target=\"_blank\">\n\t\t\t\t\t\t<span class=\"elementor-button-content-wrapper\">\n\t\t\t\t\t\t\t\t\t<span class=\"elementor-button-text\">Descargar COA Ahora<\/span>\n\t\t\t\t\t<\/span>\n\t\t\t\t\t<\/a>\n\t\t\t\t<\/div>\n\t\t\t\t\t\t\t\t<\/div>\n\t\t\t\t<\/div>\n\t\t\t\t\t<\/div>\n\t\t<\/div>\n\t\t\t\t\t<\/div>\n\t\t<\/section>\n\t\t\t\t<\/div>\n\t\t<div style='text-align:center' class='yasr-auto-insert-visitor'><\/div>","protected":false},"excerpt":{"rendered":"<p><strong><span style=\"vertical-align: inherit;\"><span style=\"vertical-align: inherit;\">PH<\/span><\/span><\/strong><span style=\"vertical-align: inherit;\"><span style=\"vertical-align: inherit;\"> : 6-8 ,\u7c98\u80f6\u7ea7\uff0c<\/span><\/span><a href=\"https:\/\/www.yrcchem.com\/product\/anhydrous-sodium-sulphate\/\" target=\"_blank\" rel=\"noopener\"><span style=\"vertical-align: inherit;\"><span style=\"vertical-align: inherit;\">9-10 PH<\/span><\/span><\/a><\/p>\n<p><strong><span style=\"vertical-align: inherit;\"><span style=\"vertical-align: inherit;\">INCI \u540d\u79f0<\/span><\/span><\/strong><span style=\"vertical-align: inherit;\"><span style=\"vertical-align: inherit;\">: \u786b\u9178\u94a0<\/span><\/span><\/p>\n<p><strong><span style=\"vertical-align: inherit;\"><span style=\"vertical-align: inherit;\">CAS\u7f16\u53f7<\/span><\/span><\/strong><span style=\"vertical-align: inherit;\"><span style=\"vertical-align: inherit;\">\uff1a7757-82-6<\/span><\/span><\/p>\n<p><strong><span style=\"vertical-align: inherit;\"><span style=\"vertical-align: inherit;\">\u5206\u5b50\u5f0f<\/span><\/span><\/strong><span style=\"vertical-align: inherit;\"><span style=\"vertical-align: inherit;\">\uff1aNa2SO4<\/span><\/span><\/p>\n<p><strong><span style=\"vertical-align: inherit;\"><span style=\"vertical-align: inherit;\">\u6d88\u606f\u6765\u6e90<\/span><\/span><\/strong><span style=\"vertical-align: inherit;\"><span style=\"vertical-align: inherit;\">\uff1a\u8d5b\u5f97\u5229<\/span><\/span><\/p>\n<p><strong><span style=\"vertical-align: inherit;\"><span style=\"vertical-align: inherit;\">\u6267\u884c\u6807\u51c6<\/span><\/span><\/strong><span style=\"vertical-align: inherit;\"><span style=\"vertical-align: inherit;\">\uff1aGB\/T 6009-2014<\/span><\/span><\/p>\n<p><strong><span style=\"vertical-align: inherit;\"><span style=\"vertical-align: inherit;\">\u5305\u88c5<\/span><\/span><\/strong><span style=\"vertical-align: inherit;\"><span style=\"vertical-align: inherit;\">\uff1a50kg\/1000kg\u888b\uff0c\u4e5f\u63a5\u53d7\u5ba2\u6237OEM\u5305\u88c5<\/span><\/span><\/p>\n<p><strong><span style=\"vertical-align: inherit;\"><span style=\"vertical-align: inherit;\">\u5176\u4ed6\u540d\u79f0<\/span><\/span><\/strong><span style=\"vertical-align: inherit;\"><span style=\"vertical-align: inherit;\">\uff1a<\/span><\/span><span style=\"font-family: var(--global-body-font-family);\"><span style=\"vertical-align: inherit;\"><span style=\"vertical-align: inherit;\">\u786b\u9178\u94a0\u3001<\/span><\/span><\/span><span style=\"font-family: var(--global-body-font-family);\"><span style=\"vertical-align: inherit;\"><span style=\"vertical-align: inherit;\">\u65e0\u6c34\u786b\u9178\u94a0\u3001<\/span><\/span><\/span><span style=\"font-family: var(--global-body-font-family);\"><span style=\"vertical-align: inherit;\"><span style=\"vertical-align: inherit;\">\u65e0\u6c34\u786b\u9178\u94a0\u3001<\/span><\/span><\/span><span style=\"font-family: var(--global-body-font-family);\"><span style=\"vertical-align: inherit;\"><span style=\"vertical-align: inherit;\">\u8292\u785d\u6216 AES\u3001<\/span><\/span><\/span><span style=\"font-family: var(--global-body-font-family);\"><span style=\"vertical-align: inherit;\"><span style=\"vertical-align: inherit;\">\u786b\u9178\u94a0\u3001<\/span><\/span><span style=\"vertical-align: inherit;\"><span style=\"vertical-align: inherit;\">\u8292\u785d\u3001<\/span><\/span><span style=\"vertical-align: inherit;\"><span style=\"vertical-align: inherit;\">\u65e0\u6c34\u8292\u785d<\/span><\/span><\/span><\/p>","protected":false},"featured_media":35,"comment_status":"open","ping_status":"closed","template":"","meta":{"_acf_changed":false,"_seopress_robots_primary_cat":"none","_seopress_titles_title":"Sodium Sulphate Anhydrous,Salt cake,Sodium sulphate","_seopress_titles_desc":"Sodium Sulfate Anhydrous is a strong acid-alkali salt used as a desiccant in labs, flux in glass production, raw material for paper, and filler in detergents.","_seopress_robots_index":"","_kad_post_transparent":"default","_kad_post_title":"","_kad_post_layout":"default","_kad_post_sidebar_id":"","_kad_post_content_style":"default","_kad_post_vertical_padding":"default","_kad_post_feature":"","_kad_post_feature_position":"","_kad_post_header":false,"_kad_post_footer":false,"yasr_overall_rating":5,"yasr_post_is_review":"","yasr_auto_insert_disabled":"","yasr_review_type":""},"product_brand":[],"product_cat":[17],"product_tag":[40,38,39],"class_list":{"0":"post-19","1":"product","2":"type-product","3":"status-publish","4":"has-post-thumbnail","6":"product_cat-chemicals","7":"product_tag-low-toxicity","8":"product_tag-sodium-sulphate-anhydrous","9":"product_tag-white-powdery-substance","11":"first","12":"instock","13":"shipping-taxable","14":"product-type-simple","15":"entry","16":"content-bg","17":"loop-entry"},"acf":[],"yasr_visitor_votes":{"stars_attributes":{"read_only":false,"span_bottom":false},"number_of_votes":1,"sum_votes":5},"_links":{"self":[{"href":"https:\/\/www.yrcchem.com\/es\/wp-json\/wp\/v2\/product\/19","targetHints":{"allow":["GET"]}}],"collection":[{"href":"https:\/\/www.yrcchem.com\/es\/wp-json\/wp\/v2\/product"}],"about":[{"href":"https:\/\/www.yrcchem.com\/es\/wp-json\/wp\/v2\/types\/product"}],"replies":[{"embeddable":true,"href":"https:\/\/www.yrcchem.com\/es\/wp-json\/wp\/v2\/comments?post=19"}],"version-history":[{"count":24,"href":"https:\/\/www.yrcchem.com\/es\/wp-json\/wp\/v2\/product\/19\/revisions"}],"predecessor-version":[{"id":2690,"href":"https:\/\/www.yrcchem.com\/es\/wp-json\/wp\/v2\/product\/19\/revisions\/2690"}],"wp:featuredmedia":[{"embeddable":true,"href":"https:\/\/www.yrcchem.com\/es\/wp-json\/wp\/v2\/media\/35"}],"wp:attachment":[{"href":"https:\/\/www.yrcchem.com\/es\/wp-json\/wp\/v2\/media?parent=19"}],"wp:term":[{"taxonomy":"product_brand","embeddable":true,"href":"https:\/\/www.yrcchem.com\/es\/wp-json\/wp\/v2\/product_brand?post=19"},{"taxonomy":"product_cat","embeddable":true,"href":"https:\/\/www.yrcchem.com\/es\/wp-json\/wp\/v2\/product_cat?post=19"},{"taxonomy":"product_tag","embeddable":true,"href":"https:\/\/www.yrcchem.com\/es\/wp-json\/wp\/v2\/product_tag?post=19"}],"curies":[{"name":"wp","href":"https:\/\/api.w.org\/{rel}","templated":true}]}}