{"id":20,"date":"2024-08-21T11:42:56","date_gmt":"2024-08-21T03:42:56","guid":{"rendered":"http:\/\/huagong.plushcigar.com\/?post_type=product&#038;p=20"},"modified":"2026-04-17T09:54:52","modified_gmt":"2026-04-17T01:54:52","slug":"la-ceniza-de-sosa-de-la-luz","status":"publish","type":"product","link":"https:\/\/www.yrcchem.com\/es\/producto\/la-ceniza-de-sosa-de-la-luz\/","title":{"rendered":"La Ceniza De Sosa De La Luz"},"content":{"rendered":"<div data-elementor-type=\"product-post\" data-elementor-id=\"20\" class=\"elementor elementor-20\" data-elementor-post-type=\"product\">\n\t\t\t\t\t\t<section class=\"elementor-section elementor-top-section elementor-element elementor-element-53969f63 .all-product elementor-section-boxed elementor-section-height-default elementor-section-height-default\" data-id=\"53969f63\" data-element_type=\"section\" data-e-type=\"section\">\n\t\t\t\t\t\t<div class=\"elementor-container elementor-column-gap-default\">\n\t\t\t\t\t<div class=\"elementor-column elementor-col-100 elementor-top-column elementor-element elementor-element-20c39b54\" data-id=\"20c39b54\" data-element_type=\"column\" data-e-type=\"column\">\n\t\t\t<div class=\"elementor-widget-wrap elementor-element-populated\">\n\t\t\t\t\t\t<div class=\"elementor-element elementor-element-1260a513 elementor-widget elementor-widget-elementskit-simple-tab\" data-id=\"1260a513\" data-element_type=\"widget\" data-e-type=\"widget\" data-widget_type=\"elementskit-simple-tab.default\">\n\t\t\t\t<div class=\"elementor-widget-container\">\n\t\t\t\t\t<div class=\"ekit-wid-con\" >        <div class=\"elementkit-tab-wraper   elementskit-fitcontent-tab\">\n            <ul class=\"nav nav-tabs elementkit-tab-nav\">\n                                    <li class=\"elementkit-nav-item elementor-repeater-item-f71ef3b\">\n                        <a class=\"elementkit-nav-link  active show left-pos\" id=\"content-f71ef3b69e1a23d3a97a-tab\" data-ekit-handler-id=\"description\" data-ekit-toggle=\"tab\" data-target=\"#content-f71ef3b69e1a23d3a97a\" href=\"#Content-f71ef3b69e1a23d3a97a\"\n                            data-ekit-toggle-trigger=\"mouseenter\"\n                            aria-describedby=\"Content-f71ef3b69e1a23d3a97a\">\n                            <span class=\"fas fa-book elementskit-tab-icon\"><\/span>                            <span class=\"elementskit-tab-title\">Descripci\u00f3n<\/span>\n                        <\/a>\n                    <\/li>\n                                        <li class=\"elementkit-nav-item elementor-repeater-item-c431ce7\">\n                        <a class=\"elementkit-nav-link  left-pos\" id=\"content-c431ce769e1a23d3a97a-tab\" data-ekit-handler-id=\"technical-specification\" data-ekit-toggle=\"tab\" data-target=\"#content-c431ce769e1a23d3a97a\" href=\"#Content-c431ce769e1a23d3a97a\"\n                            data-ekit-toggle-trigger=\"mouseenter\"\n                            aria-describedby=\"Content-c431ce769e1a23d3a97a\">\n                            <span class=\"fas fa-table elementskit-tab-icon\"><\/span>                            <span class=\"elementskit-tab-title\">Especificaci\u00f3n T\u00e9cnica<\/span>\n                        <\/a>\n                    <\/li>\n                                        <li class=\"elementkit-nav-item elementor-repeater-item-9a80a09\">\n                        <a class=\"elementkit-nav-link  left-pos\" id=\"content-9a80a0969e1a23d3a97a-tab\" data-ekit-handler-id=\"feature\" data-ekit-toggle=\"tab\" data-target=\"#content-9a80a0969e1a23d3a97a\" href=\"#Content-9a80a0969e1a23d3a97a\"\n                            data-ekit-toggle-trigger=\"mouseenter\"\n                            aria-describedby=\"Content-9a80a0969e1a23d3a97a\">\n                            <span class=\"fas fa-table elementskit-tab-icon\"><\/span>                            <span class=\"elementskit-tab-title\">Caracter\u00edstica<\/span>\n                        <\/a>\n                    <\/li>\n                                        <li class=\"elementkit-nav-item elementor-repeater-item-9b9eb3b\">\n                        <a class=\"elementkit-nav-link  left-pos\" id=\"content-9b9eb3b69e1a23d3a97a-tab\" data-ekit-handler-id=\"application\" data-ekit-toggle=\"tab\" data-target=\"#content-9b9eb3b69e1a23d3a97a\" href=\"#Content-9b9eb3b69e1a23d3a97a\"\n                            data-ekit-toggle-trigger=\"mouseenter\"\n                            aria-describedby=\"Content-9b9eb3b69e1a23d3a97a\">\n                            <span class=\"fas fa-table elementskit-tab-icon\"><\/span>                            <span class=\"elementskit-tab-title\">Aplicaci\u00f3n<\/span>\n                        <\/a>\n                    <\/li>\n                                <\/ul>\n\n            <div class=\"tab-content elementkit-tab-content\">\n                                    <div class=\"tab-pane elementkit-tab-pane elementor-repeater-item-f71ef3b  active show\" id=\"content-f71ef3b69e1a23d3a97a\" role=\"tabpanel\"\n                         aria-labelledby=\"content-f71ef3b69e1a23d3a97a-tab\">\n                        <div class=\"animated fadeIn\">\n                            <h2>Descripci\u00f3n<\/h2><p>La ceniza de sosa light, tambi\u00e9n conocida como carbonato s\u00f3dico, es un compuesto qu\u00edmico vers\u00e1til ampliamente utilizado en diversas aplicaciones industriales y dom\u00e9sticas. Se produce refinando carbonato s\u00f3dico natural o sint\u00e9ticamente. La ceniza de sosa light es conocida por sus propiedades alcalinas y se utiliza habitualmente para ajustar el pH, ablandar el agua, fabricar y como ingrediente principal en detergentes y productos de limpieza.<\/p><p><em><a href=\"https:\/\/www.yrcchem.com\/your-reliable-chemical-partner-an-inside-look-at-our-warehouse-logistics-hub\/\">Explore our warehousing &amp; logistics capabilities for reliable supply of Soda Ash Light<\/a><\/em><\/p><p><a href=\"https:\/\/www.yrcchem.com\/top-10-questions-buyers-ask-about-soda-ash-light-and-the-answers-you-need\/\"><em>Learn more: Top questions about light ash answered<\/em><\/a><\/p><h2>Im\u00e1genes<\/h2><p><img fetchpriority=\"high\" decoding=\"async\" class=\"alignnone size-full wp-image-464\" src=\"https:\/\/www.yrcchem.com\/wp-content\/uploads\/2024\/08\/7-3.jpg\" alt=\"La Ceniza De Sosa De La Luz\" width=\"800\" height=\"700\" \/><\/p><p><img decoding=\"async\" class=\"alignnone size-medium wp-image-463\" src=\"https:\/\/www.yrcchem.com\/wp-content\/uploads\/2024\/08\/6-5.jpg\" alt=\"La Ceniza De Sosa De La Luz\" width=\"800\" height=\"800\" \/><\/p>                        <\/div>\n                    <\/div>\n                                    <div class=\"tab-pane elementkit-tab-pane elementor-repeater-item-c431ce7\" id=\"content-c431ce769e1a23d3a97a\" role=\"tabpanel\"\n                         aria-labelledby=\"content-c431ce769e1a23d3a97a-tab\">\n                        <div class=\"animated fadeIn\">\n                            <div class=\"elementor-element elementor-element-69caefc8 elementor-widget elementor-widget-woocommerce-product-title elementor-page-title elementor-widget-heading\" data-id=\"69caefc8\" data-element_type=\"widget\" data-widget_type=\"woocommerce-product-title.default\"><div class=\"elementor-widget-container\"><h2 class=\"product_title entry-title elementor-heading-title elementor-size-default\">Especificaci\u00f3n de la luz de ceniza de sosa<\/h2><\/div><\/div><table border=\"1\"><tbody><tr><td width=\"226\"><strong><b>Elemento De Prueba<\/b><\/strong><\/td><td width=\"268\"><strong><b>Normas<\/b><\/strong><\/td><td width=\"185\"><strong><b>Los Resultados De La Prueba<\/b><\/strong><\/td><\/tr><tr><td width=\"226\">ALCALINIDAD TOTAL(Na2CO3):<\/td><td width=\"268\">\u226598.8%<\/td><td width=\"185\">99.2%<\/td><\/tr><tr><td width=\"226\">P\u00c9RDIDA POR IGNICI\u00d3N%:<\/td><td width=\"268\">El \u22640.5%<\/td><td width=\"185\">0.10%<\/td><\/tr><tr><td width=\"226\">CONTENIDO de CLORUROS(COMO NaCI)%:<\/td><td width=\"268\">\u22640.9%<\/td><td width=\"185\">0.64%<\/td><\/tr><tr><td width=\"226\">El CONTENIDO de HIERRO(COMO Fe)%<\/td><td width=\"268\">\u22640.0055%<\/td><td width=\"185\">0.0011%<\/td><\/tr><tr><td width=\"226\">MATERIA INSOLUBLE EN AGUA%<\/td><td width=\"268\">\u22640.01%<\/td><td width=\"185\">0.012%<\/td><\/tr><\/tbody><\/table><p>Learn <a href=\"https:\/\/www.yrcchem.com\/soda-ash-light-vs-caustic-soda-which-alkali-is-right-for-your-industrial-process\/\">why Soda Ash Light is the safer alkali choice<\/a><\/p><p><a href=\"https:\/\/www.yrcchem.com\/case-study-how-yrc-solved-a-buyers-severe-soda-ash-light-caking-problem-in-a-high-humidity-climate\/\">Real case: reducing soda ash caking to under 1%<\/a><\/p>                        <\/div>\n                    <\/div>\n                                    <div class=\"tab-pane elementkit-tab-pane elementor-repeater-item-9a80a09\" id=\"content-9a80a0969e1a23d3a97a\" role=\"tabpanel\"\n                         aria-labelledby=\"content-9a80a0969e1a23d3a97a-tab\">\n                        <div class=\"animated fadeIn\">\n                            <h2>Caracter\u00edsticas y ventajas:<\/h2><ul><li>Polvo ligero de ceniza de sosa de alta calidad<\/li><li>Aplicaciones industriales y dom\u00e9sticas vers\u00e1tiles<\/li><li>Eficaz agente de ajuste del pH<\/li><li>Se utiliza en el tratamiento del agua y en los procesos de fabricaci\u00f3n<\/li><li>Ingrediente esencial en la producci\u00f3n de detergentes<\/li><\/ul><h2>Estabilidad\/Vida \u00fatil:<\/h2><p>Almacenar en un lugar fresco y seco, alejado de la humedad y de la luz solar directa para mantener la integridad del producto.<\/p><p class=\"ds-markdown-paragraph\"><a href=\"https:\/\/www.yrcchem.com\/soda-ash-light-storage-how-to-prevent-caking-maintain-flowability\/\"><em>See our storage guide for best practices<\/em><\/a><\/p><h2>Caracter\u00edsticas especiales<\/h2><ul><li>Polvo blanco fino absorbente que se disuelve f\u00e1cilmente en agua<\/li><li>Altamente alcalino en soluci\u00f3n acuosa, produce di\u00f3xido de carbono en reacci\u00f3n \u00e1cida.<\/li><\/ul>                        <\/div>\n                    <\/div>\n                                    <div class=\"tab-pane elementkit-tab-pane elementor-repeater-item-9b9eb3b\" id=\"content-9b9eb3b69e1a23d3a97a\" role=\"tabpanel\"\n                         aria-labelledby=\"content-9b9eb3b69e1a23d3a97a-tab\">\n                        <div class=\"animated fadeIn\">\n                            <h2>Aplicaci\u00f3n:<\/h2><p><strong>Industria de fabricaci\u00f3n de detergentes<\/strong>: En la industria de fabricaci\u00f3n de detergentes, la ceniza de sosa ligera se utiliza para fabricar detergente en polvo de alta calidad. Hace que los detergentes y jabones tengan una superficie m\u00e1s suave.<\/p><p><strong>Industria del vidrio<\/strong>: En la industria del vidrio, la ceniza de sosa se utiliza para fabricar envases de vidrio, aislantes de fibra de vidrio y muchos otros productos. La ceniza de sosa es necesaria porque disminuye el punto de fusi\u00f3n de la s\u00edlice.<\/p><p><strong>Limpiar<\/strong>: La ceniza de sosa ligera(NA2CO3) se utiliza para secar la ropa, limpiar el aire, ablandar el agua y como fertilizante.<\/p><p><strong>Nivel de pH<\/strong>: La ceniza de sosa se utiliza para mantener el nivel de pH en una piscina; aumenta el nivel alcalino, lo que mantiene el pH.<\/p><p><strong>Industria alimentaria<\/strong>: En la industria alimentaria, la ceniza de sosa se utiliza como regulador de la acidez, estabilizador y gasificante.<\/p><p>La ceniza de sosa se utiliza como agente humectante en una empresa de fabricaci\u00f3n de ladrillos.<\/p><p><strong>Producir otros productos qu\u00edmicos<\/strong>: La ceniza de sosa ligera tambi\u00e9n se utiliza para producir otros productos qu\u00edmicos, como silicato s\u00f3dico, bicarbonato s\u00f3dico y cromato s\u00f3dico.<\/p><p><strong>Pasta y papel<\/strong>: La ceniza de sosa tambi\u00e9n se utiliza en diferentes industrias, como la fabricaci\u00f3n de pasta y papel, el tratamiento del agua, el tratamiento de efluentes, la metalurgia y los medicamentos.<\/p><p><a href=\"https:\/\/www.yrcchem.com\/a-vietnam-dyeing-partner-on-chemicals-consistency-and-innovation\/\"><em>See how our Soda Ash ensures color fastness in Vietnam textile production<\/em><\/a><\/p>                        <\/div>\n                    <\/div>\n                                \n            <\/div>\n                    <\/div>\n    <\/div>\t\t\t\t<\/div>\n\t\t\t\t<\/div>\n\t\t\t\t<div class=\"elementor-element elementor-element-6f139cc3 elementor-align-center elementor-widget elementor-widget-button\" data-id=\"6f139cc3\" data-element_type=\"widget\" data-e-type=\"widget\" data-widget_type=\"button.default\">\n\t\t\t\t<div class=\"elementor-widget-container\">\n\t\t\t\t\t\t\t\t\t<div class=\"elementor-button-wrapper\">\n\t\t\t\t\t<a class=\"elementor-button elementor-button-link elementor-size-sm\" href=\"https:\/\/www.yrcchem.com\/wp-content\/uploads\/2024\/08\/COA-Soda-ash-light.pdf\" target=\"_blank\">\n\t\t\t\t\t\t<span class=\"elementor-button-content-wrapper\">\n\t\t\t\t\t\t\t\t\t<span class=\"elementor-button-text\">Descargar COA Ahora<\/span>\n\t\t\t\t\t<\/span>\n\t\t\t\t\t<\/a>\n\t\t\t\t<\/div>\n\t\t\t\t\t\t\t\t<\/div>\n\t\t\t\t<\/div>\n\t\t\t\t\t<\/div>\n\t\t<\/div>\n\t\t\t\t\t<\/div>\n\t\t<\/section>\n\t\t\t\t<\/div>\n\t\t<div style='text-align:center' class='yasr-auto-insert-visitor'><\/div>","protected":false},"excerpt":{"rendered":"<p><strong><span style=\"vertical-align: inherit;\"><span style=\"vertical-align: inherit;\">INCI \u540d\u79f0<\/span><\/span><\/strong><span style=\"vertical-align: inherit;\"><span style=\"vertical-align: inherit;\">: \u78b3\u9178\u94a0<\/span><\/span><\/p>\n<p><strong><span style=\"vertical-align: inherit;\"><span style=\"vertical-align: inherit;\">CAS\u7f16\u53f7<\/span><\/span><\/strong><span style=\"vertical-align: inherit;\"><span style=\"vertical-align: inherit;\">\uff1a497-19-8<\/span><\/span><\/p>\n<p><strong><span style=\"vertical-align: inherit;\"><span style=\"vertical-align: inherit;\">\u5206\u5b50\u5f0f<\/span><\/span><\/strong><span style=\"vertical-align: inherit;\"><span style=\"vertical-align: inherit;\">\uff1aNA2CO3<\/span><\/span><\/p>\n<p><strong>Fuente<\/strong>: Anillo doble, HuaChang, JinShan, JingHao<\/p>\n<p><strong><span style=\"vertical-align: inherit;\"><span style=\"vertical-align: inherit;\">\u5916\u89c2<\/span><\/span><\/strong><span style=\"vertical-align: inherit;\"><span style=\"vertical-align: inherit;\">\uff1a\u767d\u8272\u7ed3\u6676\u7c89\u672b<\/span><\/span><\/p>\n<p><span style=\"box-sizing: border-box; margin: 0px; padding: 0px;\"><strong><span style=\"vertical-align: inherit;\"><span style=\"vertical-align: inherit;\">\u5305\u88c5<\/span><\/span><\/strong><span style=\"vertical-align: inherit;\"><span style=\"vertical-align: inherit;\">\uff1a40kg\u300150kg\u3001750kg\u30011000kg\u888b\u3002<\/span><\/span><\/span><\/p>\n<p><strong><span style=\"vertical-align: inherit;\"><span style=\"vertical-align: inherit;\">\u522b\u540d<\/span><\/span><\/strong><span style=\"vertical-align: inherit;\"><span style=\"vertical-align: inherit;\">\uff1a\u65e0\u6c34\u78b3\u9178\u94a0\u3001\u7eaf\u78b1\u3001\u8f7b\u8d28\u82cf\u6253\u3001\u6d17\u6da4\u78b1\u3001<\/span><\/span><span style=\"vertical-align: inherit;\"><span style=\"vertical-align: inherit;\">\u78b3\u9178\u94a0\u3001<\/span><\/span><span style=\"vertical-align: inherit;\"><span style=\"vertical-align: inherit;\">\u7145\u70e7\u82cf\u6253\u3001<\/span><\/span><span style=\"vertical-align: inherit;\"><span style=\"vertical-align: inherit;\">\u78b3\u9178\u4e8c\u94a0\u76d0<\/span><\/span><\/p>","protected":false},"featured_media":37,"comment_status":"open","ping_status":"closed","template":"","meta":{"_acf_changed":false,"_seopress_robots_primary_cat":"none","_seopress_titles_title":"Soda Ash Light, Sodium Carbonate , Soda Ash,Light soda ash","_seopress_titles_desc":"Light soda ash (light sodium carbonate) is an industrial chemical substance in the form of white powdery crystals or powders","_seopress_robots_index":"","_kad_post_transparent":"default","_kad_post_title":"","_kad_post_layout":"default","_kad_post_sidebar_id":"","_kad_post_content_style":"default","_kad_post_vertical_padding":"default","_kad_post_feature":"","_kad_post_feature_position":"","_kad_post_header":false,"_kad_post_footer":false,"yasr_overall_rating":5,"yasr_post_is_review":"","yasr_auto_insert_disabled":"","yasr_review_type":""},"product_brand":[],"product_cat":[17],"product_tag":[43,41,42],"class_list":{"0":"post-20","1":"product","2":"type-product","3":"status-publish","4":"has-post-thumbnail","6":"product_cat-chemicals","7":"product_tag-highly-soluble-in-water","8":"product_tag-soda-ash-light","9":"product_tag-white-powdered-crystal-or-powder","11":"first","12":"instock","13":"shipping-taxable","14":"product-type-simple","15":"entry","16":"content-bg","17":"loop-entry"},"acf":[],"yasr_visitor_votes":{"stars_attributes":{"read_only":false,"span_bottom":false},"number_of_votes":1,"sum_votes":5},"_links":{"self":[{"href":"https:\/\/www.yrcchem.com\/es\/wp-json\/wp\/v2\/product\/20","targetHints":{"allow":["GET"]}}],"collection":[{"href":"https:\/\/www.yrcchem.com\/es\/wp-json\/wp\/v2\/product"}],"about":[{"href":"https:\/\/www.yrcchem.com\/es\/wp-json\/wp\/v2\/types\/product"}],"replies":[{"embeddable":true,"href":"https:\/\/www.yrcchem.com\/es\/wp-json\/wp\/v2\/comments?post=20"}],"version-history":[{"count":53,"href":"https:\/\/www.yrcchem.com\/es\/wp-json\/wp\/v2\/product\/20\/revisions"}],"predecessor-version":[{"id":3629,"href":"https:\/\/www.yrcchem.com\/es\/wp-json\/wp\/v2\/product\/20\/revisions\/3629"}],"wp:featuredmedia":[{"embeddable":true,"href":"https:\/\/www.yrcchem.com\/es\/wp-json\/wp\/v2\/media\/37"}],"wp:attachment":[{"href":"https:\/\/www.yrcchem.com\/es\/wp-json\/wp\/v2\/media?parent=20"}],"wp:term":[{"taxonomy":"product_brand","embeddable":true,"href":"https:\/\/www.yrcchem.com\/es\/wp-json\/wp\/v2\/product_brand?post=20"},{"taxonomy":"product_cat","embeddable":true,"href":"https:\/\/www.yrcchem.com\/es\/wp-json\/wp\/v2\/product_cat?post=20"},{"taxonomy":"product_tag","embeddable":true,"href":"https:\/\/www.yrcchem.com\/es\/wp-json\/wp\/v2\/product_tag?post=20"}],"curies":[{"name":"wp","href":"https:\/\/api.w.org\/{rel}","templated":true}]}}