{"id":22,"date":"2024-08-21T11:42:56","date_gmt":"2024-08-21T03:42:56","guid":{"rendered":"http:\/\/huagong.plushcigar.com\/?post_type=product&#038;p=22"},"modified":"2025-12-12T15:54:36","modified_gmt":"2025-12-12T07:54:36","slug":"carbonato-de-sodio-denso","status":"publish","type":"product","link":"https:\/\/www.yrcchem.com\/es\/producto\/carbonato-de-sodio-denso\/","title":{"rendered":"Carbonato De Sodio Denso"},"content":{"rendered":"<div data-elementor-type=\"product-post\" data-elementor-id=\"22\" class=\"elementor elementor-22\" data-elementor-post-type=\"product\">\n\t\t\t\t\t\t<section class=\"elementor-section elementor-top-section elementor-element elementor-element-5f5d9fbe .all-product elementor-section-boxed elementor-section-height-default elementor-section-height-default\" data-id=\"5f5d9fbe\" data-element_type=\"section\" data-e-type=\"section\">\n\t\t\t\t\t\t<div class=\"elementor-container elementor-column-gap-default\">\n\t\t\t\t\t<div class=\"elementor-column elementor-col-100 elementor-top-column elementor-element elementor-element-49f9f2d7\" data-id=\"49f9f2d7\" data-element_type=\"column\" data-e-type=\"column\">\n\t\t\t<div class=\"elementor-widget-wrap elementor-element-populated\">\n\t\t\t\t\t\t<div class=\"elementor-element elementor-element-76243be0 elementor-widget elementor-widget-elementskit-simple-tab\" data-id=\"76243be0\" data-element_type=\"widget\" data-e-type=\"widget\" data-widget_type=\"elementskit-simple-tab.default\">\n\t\t\t\t<div class=\"elementor-widget-container\">\n\t\t\t\t\t<div class=\"ekit-wid-con\" >        <div class=\"elementkit-tab-wraper   elementskit-fitcontent-tab\">\n            <ul class=\"nav nav-tabs elementkit-tab-nav\">\n                                    <li class=\"elementkit-nav-item elementor-repeater-item-f71ef3b\">\n                        <a class=\"elementkit-nav-link  active show left-pos\" id=\"content-f71ef3b69e19efa56cb5-tab\" data-ekit-handler-id=\"description\" data-ekit-toggle=\"tab\" data-target=\"#content-f71ef3b69e19efa56cb5\" href=\"#Content-f71ef3b69e19efa56cb5\"\n                            data-ekit-toggle-trigger=\"mouseenter\"\n                            aria-describedby=\"Content-f71ef3b69e19efa56cb5\">\n                            <span class=\"fas fa-book elementskit-tab-icon\"><\/span>                            <span class=\"elementskit-tab-title\">Descripci\u00f3n<\/span>\n                        <\/a>\n                    <\/li>\n                                        <li class=\"elementkit-nav-item elementor-repeater-item-c431ce7\">\n                        <a class=\"elementkit-nav-link  left-pos\" id=\"content-c431ce769e19efa56cb5-tab\" data-ekit-handler-id=\"technical-specification\" data-ekit-toggle=\"tab\" data-target=\"#content-c431ce769e19efa56cb5\" href=\"#Content-c431ce769e19efa56cb5\"\n                            data-ekit-toggle-trigger=\"mouseenter\"\n                            aria-describedby=\"Content-c431ce769e19efa56cb5\">\n                            <span class=\"fas fa-table elementskit-tab-icon\"><\/span>                            <span class=\"elementskit-tab-title\">Especificaci\u00f3n T\u00e9cnica<\/span>\n                        <\/a>\n                    <\/li>\n                                        <li class=\"elementkit-nav-item elementor-repeater-item-9a80a09\">\n                        <a class=\"elementkit-nav-link  left-pos\" id=\"content-9a80a0969e19efa56cb5-tab\" data-ekit-handler-id=\"feature\" data-ekit-toggle=\"tab\" data-target=\"#content-9a80a0969e19efa56cb5\" href=\"#Content-9a80a0969e19efa56cb5\"\n                            data-ekit-toggle-trigger=\"mouseenter\"\n                            aria-describedby=\"Content-9a80a0969e19efa56cb5\">\n                            <span class=\"fas fa-table elementskit-tab-icon\"><\/span>                            <span class=\"elementskit-tab-title\">Caracter\u00edstica<\/span>\n                        <\/a>\n                    <\/li>\n                                        <li class=\"elementkit-nav-item elementor-repeater-item-9b9eb3b\">\n                        <a class=\"elementkit-nav-link  left-pos\" id=\"content-9b9eb3b69e19efa56cb5-tab\" data-ekit-handler-id=\"application\" data-ekit-toggle=\"tab\" data-target=\"#content-9b9eb3b69e19efa56cb5\" href=\"#Content-9b9eb3b69e19efa56cb5\"\n                            data-ekit-toggle-trigger=\"mouseenter\"\n                            aria-describedby=\"Content-9b9eb3b69e19efa56cb5\">\n                            <span class=\"fas fa-table elementskit-tab-icon\"><\/span>                            <span class=\"elementskit-tab-title\">Aplicaci\u00f3n<\/span>\n                        <\/a>\n                    <\/li>\n                                <\/ul>\n\n            <div class=\"tab-content elementkit-tab-content\">\n                                    <div class=\"tab-pane elementkit-tab-pane elementor-repeater-item-f71ef3b  active show\" id=\"content-f71ef3b69e19efa56cb5\" role=\"tabpanel\"\n                         aria-labelledby=\"content-f71ef3b69e19efa56cb5-tab\">\n                        <div class=\"animated fadeIn\">\n                            <p>La ceniza de sosa densa es una sustancia blanca y cristalina derivada de minerales ricos en carbonato s\u00f3dico o producida sint\u00e9ticamente mediante procesos qu\u00edmicos. Se caracteriza por su alta densidad y excelente solubilidad en agua. La ceniza de sosa densa est\u00e1 compuesta qu\u00edmicamente por \u00e1tomos de sodio, carbono y ox\u00edgeno, lo que la convierte en un compuesto importante en numerosas aplicaciones industriales y dom\u00e9sticas.<\/p><h2>Estabilidad\/Vida \u00fatil:<\/h2><p>Almacenar en un lugar fresco y seco, alejado de la humedad y de la luz solar directa para mantener la integridad del producto.<\/p>                        <\/div>\n                    <\/div>\n                                    <div class=\"tab-pane elementkit-tab-pane elementor-repeater-item-c431ce7\" id=\"content-c431ce769e19efa56cb5\" role=\"tabpanel\"\n                         aria-labelledby=\"content-c431ce769e19efa56cb5-tab\">\n                        <div class=\"animated fadeIn\">\n                            <table border=\"1\">\n<tbody>\n<tr height='50'>\n<td width=\"403\"><strong><b>Elemento De Prueba<\/b><\/strong><\/td>\n<td width=\"139\"><strong><b>Normas<\/b><\/strong><\/td>\n<td width=\"137\"><strong><b>Los Resultados De La Prueba<\/b><\/strong><\/td>\n<\/tr>\n<tr height='50'>\n<td width=\"403\">\u00c1lcali total (fracci\u00f3n de calidad de na2co3 en base seca) % min<\/td>\n<td width=\"139\">99.2<\/td>\n<td width=\"137\">99.46<\/td>\n<\/tr>\n<tr height='50'>\n<td width=\"403\">Nacl (fracci\u00f3n de calidad de la base seca de nacl) % max<\/td>\n<td width=\"139\">0.7<\/td>\n<td width=\"137\">0.36<\/td>\n<\/tr>\n<tr height='50'>\n<td width=\"403\">Fracci\u00f3n de calidad del Fe (base seca) % max<\/td>\n<td width=\"139\">0.0035<\/td>\n<td width=\"137\">0.0009<\/td>\n<\/tr>\n<tr height='50'>\n<td width=\"403\">Materia insoluble en agua (%)max<\/td>\n<td width=\"139\">0.03<\/td>\n<td width=\"137\">0.01<\/td>\n<\/tr>\n<tr height='50'>\n<td width=\"403\">La blancura<\/td>\n<td width=\"139\">85min<\/td>\n<td width=\"137\">87.8<\/td>\n<\/tr>\n<tr height='50'>\n<td width=\"403\">La unidad de densidad a granel min<\/td>\n<td width=\"139\">0.9<\/td>\n<td width=\"137\">0.99<\/td>\n<\/tr>\n<tr height='50'>\n<td width=\"403\">Particle\u00a0size\u00a0siever\u00a0remaining %180\u03bcm min<\/td>\n<td width=\"139\">70<\/td>\n<td width=\"137\">81.28<\/td>\n<\/tr>\n<\/tbody>\n<\/table>                        <\/div>\n                    <\/div>\n                                    <div class=\"tab-pane elementkit-tab-pane elementor-repeater-item-9a80a09\" id=\"content-9a80a0969e19efa56cb5\" role=\"tabpanel\"\n                         aria-labelledby=\"content-9a80a0969e19efa56cb5-tab\">\n                        <div class=\"animated fadeIn\">\n                            <p>Gr\u00e1nulos densos de ceniza de sosa de alta calidad<\/p><p>Aplicaciones industriales y dom\u00e9sticas vers\u00e1tiles<\/p><p>Eficaz agente de ajuste del pH<\/p><p>Se utiliza en el tratamiento del agua y en los procesos de fabricaci\u00f3n<\/p><p>Ingrediente esencial en la producci\u00f3n de detergentes<\/p>                        <\/div>\n                    <\/div>\n                                    <div class=\"tab-pane elementkit-tab-pane elementor-repeater-item-9b9eb3b\" id=\"content-9b9eb3b69e19efa56cb5\" role=\"tabpanel\"\n                         aria-labelledby=\"content-9b9eb3b69e19efa56cb5-tab\">\n                        <div class=\"animated fadeIn\">\n                            <h2>Aplicaci\u00f3n:<\/h2><h3>La Fabricaci\u00f3n De Vidrio<\/h3><p>La densa ceniza de sosa desempe\u00f1a un papel fundamental en la industria del vidrio. Su alta densidad y su naturaleza alcalina lo convierten en un ingrediente esencial en los procesos de fabricaci\u00f3n del vidrio. Al incorporar ceniza de sosa densa, ayuda a reducir el punto de fusi\u00f3n de la s\u00edlice, facilitando la formaci\u00f3n del vidrio. Este compuesto encuentra aplicaci\u00f3n en la producci\u00f3n de diversos productos de vidrio, como botellas, ventanas, fibra de vidrio y vidrio plano utilizado en dise\u00f1os arquitect\u00f3nicos.<\/p><p><img fetchpriority=\"high\" decoding=\"async\" class=\"alignnone wp-image-474\" src=\"https:\/\/www.yrcchem.com\/wp-content\/uploads\/2024\/08\/3-7.jpg\" alt=\"Carbonato De Sodio Denso\" width=\"600\" height=\"955\" \/><\/p><h3>Detergentes y Productos de Limpieza<\/h3><p>Las propiedades alcalinas de la densa ceniza de sosa la convierten en un componente eficaz en detergentes y productos de limpieza. Ayuda a mantener el equilibrio del pH, mejorando el poder de limpieza y la capacidad de eliminaci\u00f3n de manchas de los detergentes para ropa. Adem\u00e1s, la ceniza de sosa densa se utiliza en detergentes lavavajillas, limpiadores de superficies y otros productos de limpieza dom\u00e9stica, garantizando resultados eficaces y eficientes.<\/p><h3>Tratamiento del agua y regulaci\u00f3n del pH<\/h3><p>La ceniza de sosa densa se emplea ampliamente en los procesos de tratamiento del agua. Ayuda a ajustar y estabilizar el pH, garantizando que el agua se encuentre dentro del rango deseado para diversas aplicaciones. En el tratamiento de aguas municipales e industriales, la ceniza de sosa densa se utiliza para neutralizar el agua \u00e1cida y eliminar impurezas. Tambi\u00e9n ayuda a precipitar metales, como el hierro y el manganeso, facilitando su eliminaci\u00f3n de las fuentes de agua.<\/p><h3>Fabricaci\u00f3n de productos qu\u00edmicos<\/h3><p>La densa ceniza de sosa es un componente esencial de la industria qu\u00edmica. Act\u00faa como precursor para la producci\u00f3n de diversos productos qu\u00edmicos y compuestos. El bicarbonato s\u00f3dico, conocido com\u00fanmente como bicarbonato de sodio, es uno de esos compuestos derivados de la ceniza de sosa densa. Se utiliza en la preparaci\u00f3n de alimentos, productos de limpieza y productos farmac\u00e9uticos. Adem\u00e1s, la ceniza de sosa densa se utiliza para fabricar silicatos de sodio, tintes, pigmentos y otros productos qu\u00edmicos org\u00e1nicos e inorg\u00e1nicos.<\/p><h2>Otras aplicaciones<\/h2><p>La densa ceniza de sosa tiene diversas aplicaciones en industrias que van m\u00e1s all\u00e1 del vidrio, los detergentes y los productos qu\u00edmicos. Se utiliza en la metalurgia, en los procesos de refinado y extracci\u00f3n de metales. En la industria textil y de tintes, la ceniza de sosa densa ayuda a fijar los tintes, garantizando colores vivos y duraderos. Tambi\u00e9n interviene en la fabricaci\u00f3n de pasta y papel, el ajuste del pH de las piscinas y la recuperaci\u00f3n de suelos.<\/p>                        <\/div>\n                    <\/div>\n                                \n            <\/div>\n                    <\/div>\n    <\/div>\t\t\t\t<\/div>\n\t\t\t\t<\/div>\n\t\t\t\t<div class=\"elementor-element elementor-element-3764331d elementor-align-center elementor-widget elementor-widget-button\" data-id=\"3764331d\" data-element_type=\"widget\" data-e-type=\"widget\" data-widget_type=\"button.default\">\n\t\t\t\t<div class=\"elementor-widget-container\">\n\t\t\t\t\t\t\t\t\t<div class=\"elementor-button-wrapper\">\n\t\t\t\t\t<a class=\"elementor-button elementor-button-link elementor-size-sm\" href=\"https:\/\/www.yrcchem.com\/wp-content\/uploads\/2024\/08\/COA-Soda-ash-Dense.pdf\" target=\"_blank\">\n\t\t\t\t\t\t<span class=\"elementor-button-content-wrapper\">\n\t\t\t\t\t\t\t\t\t<span class=\"elementor-button-text\">Descargar COA Ahora<\/span>\n\t\t\t\t\t<\/span>\n\t\t\t\t\t<\/a>\n\t\t\t\t<\/div>\n\t\t\t\t\t\t\t\t<\/div>\n\t\t\t\t<\/div>\n\t\t\t\t\t<\/div>\n\t\t<\/div>\n\t\t\t\t\t<\/div>\n\t\t<\/section>\n\t\t\t\t<\/div>\n\t\t<div style='text-align:center' class='yasr-auto-insert-visitor'><\/div>","protected":false},"excerpt":{"rendered":"<p><strong>Nombre INCI<\/strong>: Carbonato De Sodio<\/p>\n<p><strong>CAS No.:<\/strong> 497-19-8<\/p>\n<p><strong>F\u00f3rmula Molecular<\/strong>: NA2CO3<\/p>\n<p><strong>Fuente<\/strong>: Anillo doble, HuaChang, Jinshan, JingHao<\/p>\n<p><strong>Apariencia<\/strong>: Polvo cristalino blanco<\/p>\n<p><span style=\"box-sizing: border-box; margin: 0px; padding: 0px;\"><strong>Embalaje<\/strong>: en 40kg, 50kg, de 750 kg y 1000 kg bolsas.<\/span><\/p>\n<p><strong>Otro nombre<\/strong>: Ceniza de sosa densa, carbonato s\u00f3dico denso, Ceniza de sosa compacta, Ceniza de sosa pesada<\/p>","protected":false},"featured_media":43,"comment_status":"open","ping_status":"closed","template":"","meta":{"_acf_changed":false,"_seopress_robots_primary_cat":"none","_seopress_titles_title":"Soda Ash Dense,Dense soda ash, sodium carbonate dense","_seopress_titles_desc":"Soda Ash Dense, a white fine - particle or powdery chemical, is highly alkaline and soluble in water.","_seopress_robots_index":"","_kad_post_transparent":"default","_kad_post_title":"","_kad_post_layout":"default","_kad_post_sidebar_id":"","_kad_post_content_style":"default","_kad_post_vertical_padding":"default","_kad_post_feature":"","_kad_post_feature_position":"","_kad_post_header":false,"_kad_post_footer":false,"yasr_overall_rating":5,"yasr_post_is_review":"","yasr_auto_insert_disabled":"","yasr_review_type":""},"product_brand":[],"product_cat":[17],"product_tag":[50,48,51,49],"class_list":{"0":"post-22","1":"product","2":"type-product","3":"status-publish","4":"has-post-thumbnail","6":"product_cat-chemicals","7":"product_tag-high-density","8":"product_tag-soda-ash-dense","9":"product_tag-strong-alkalinity","10":"product_tag-white-fine-particles-or-powder","12":"first","13":"instock","14":"shipping-taxable","15":"product-type-simple","16":"entry","17":"content-bg","18":"loop-entry"},"acf":[],"yasr_visitor_votes":{"stars_attributes":{"read_only":false,"span_bottom":false},"number_of_votes":1,"sum_votes":5},"_links":{"self":[{"href":"https:\/\/www.yrcchem.com\/es\/wp-json\/wp\/v2\/product\/22","targetHints":{"allow":["GET"]}}],"collection":[{"href":"https:\/\/www.yrcchem.com\/es\/wp-json\/wp\/v2\/product"}],"about":[{"href":"https:\/\/www.yrcchem.com\/es\/wp-json\/wp\/v2\/types\/product"}],"replies":[{"embeddable":true,"href":"https:\/\/www.yrcchem.com\/es\/wp-json\/wp\/v2\/comments?post=22"}],"version-history":[{"count":11,"href":"https:\/\/www.yrcchem.com\/es\/wp-json\/wp\/v2\/product\/22\/revisions"}],"predecessor-version":[{"id":1532,"href":"https:\/\/www.yrcchem.com\/es\/wp-json\/wp\/v2\/product\/22\/revisions\/1532"}],"wp:featuredmedia":[{"embeddable":true,"href":"https:\/\/www.yrcchem.com\/es\/wp-json\/wp\/v2\/media\/43"}],"wp:attachment":[{"href":"https:\/\/www.yrcchem.com\/es\/wp-json\/wp\/v2\/media?parent=22"}],"wp:term":[{"taxonomy":"product_brand","embeddable":true,"href":"https:\/\/www.yrcchem.com\/es\/wp-json\/wp\/v2\/product_brand?post=22"},{"taxonomy":"product_cat","embeddable":true,"href":"https:\/\/www.yrcchem.com\/es\/wp-json\/wp\/v2\/product_cat?post=22"},{"taxonomy":"product_tag","embeddable":true,"href":"https:\/\/www.yrcchem.com\/es\/wp-json\/wp\/v2\/product_tag?post=22"}],"curies":[{"name":"wp","href":"https:\/\/api.w.org\/{rel}","templated":true}]}}