{"id":17,"date":"2024-08-21T11:42:55","date_gmt":"2024-08-21T03:42:55","guid":{"rendered":"http:\/\/huagong.plushcigar.com\/?post_type=product&#038;p=17"},"modified":"2025-09-08T14:17:23","modified_gmt":"2025-09-08T06:17:23","slug":"chlorure-dammonium","status":"publish","type":"product","link":"https:\/\/www.yrcchem.com\/fr\/produit\/chlorure-dammonium\/","title":{"rendered":"Chlorure d'ammonium"},"content":{"rendered":"<div data-elementor-type=\"product-post\" data-elementor-id=\"17\" class=\"elementor elementor-17\" data-elementor-post-type=\"product\">\n\t\t\t\t\t\t<section class=\"elementor-section elementor-top-section elementor-element elementor-element-e8d8f30 .all-product elementor-section-boxed elementor-section-height-default elementor-section-height-default\" data-id=\"e8d8f30\" data-element_type=\"section\" data-e-type=\"section\">\n\t\t\t\t\t\t<div class=\"elementor-container elementor-column-gap-default\">\n\t\t\t\t\t<div class=\"elementor-column elementor-col-100 elementor-top-column elementor-element elementor-element-b13c881\" data-id=\"b13c881\" data-element_type=\"column\" data-e-type=\"column\">\n\t\t\t<div class=\"elementor-widget-wrap elementor-element-populated\">\n\t\t\t\t\t\t<div class=\"elementor-element elementor-element-0f49806 elementor-widget elementor-widget-elementskit-simple-tab\" data-id=\"0f49806\" data-element_type=\"widget\" data-e-type=\"widget\" data-widget_type=\"elementskit-simple-tab.default\">\n\t\t\t\t<div class=\"elementor-widget-container\">\n\t\t\t\t\t<div class=\"ekit-wid-con\" >        <div class=\"elementkit-tab-wraper   elementskit-fitcontent-tab\">\n            <ul class=\"nav nav-tabs elementkit-tab-nav\">\n                                    <li class=\"elementkit-nav-item elementor-repeater-item-f71ef3b\">\n                        <a class=\"elementkit-nav-link  active show left-pos\" id=\"content-f71ef3b69e1f3d331daa-tab\" data-ekit-handler-id=\"description\" data-ekit-toggle=\"tab\" data-target=\"#content-f71ef3b69e1f3d331daa\" href=\"#Content-f71ef3b69e1f3d331daa\"\n                            data-ekit-toggle-trigger=\"mouseenter\"\n                            aria-describedby=\"Content-f71ef3b69e1f3d331daa\">\n                            <span class=\"fas fa-book elementskit-tab-icon\"><\/span>                            <span class=\"elementskit-tab-title\">Description<\/span>\n                        <\/a>\n                    <\/li>\n                                        <li class=\"elementkit-nav-item elementor-repeater-item-c431ce7\">\n                        <a class=\"elementkit-nav-link  left-pos\" id=\"content-c431ce769e1f3d331daa-tab\" data-ekit-handler-id=\"technical-specification\" data-ekit-toggle=\"tab\" data-target=\"#content-c431ce769e1f3d331daa\" href=\"#Content-c431ce769e1f3d331daa\"\n                            data-ekit-toggle-trigger=\"mouseenter\"\n                            aria-describedby=\"Content-c431ce769e1f3d331daa\">\n                            <span class=\"fas fa-table elementskit-tab-icon\"><\/span>                            <span class=\"elementskit-tab-title\">Sp\u00e9cification Technique<\/span>\n                        <\/a>\n                    <\/li>\n                                        <li class=\"elementkit-nav-item elementor-repeater-item-9a80a09\">\n                        <a class=\"elementkit-nav-link  left-pos\" id=\"content-9a80a0969e1f3d331daa-tab\" data-ekit-handler-id=\"feature\" data-ekit-toggle=\"tab\" data-target=\"#content-9a80a0969e1f3d331daa\" href=\"#Content-9a80a0969e1f3d331daa\"\n                            data-ekit-toggle-trigger=\"mouseenter\"\n                            aria-describedby=\"Content-9a80a0969e1f3d331daa\">\n                            <span class=\"fas fa-table elementskit-tab-icon\"><\/span>                            <span class=\"elementskit-tab-title\">Fonctionnalit\u00e9<\/span>\n                        <\/a>\n                    <\/li>\n                                        <li class=\"elementkit-nav-item elementor-repeater-item-9b9eb3b\">\n                        <a class=\"elementkit-nav-link  left-pos\" id=\"content-9b9eb3b69e1f3d331daa-tab\" data-ekit-handler-id=\"application\" data-ekit-toggle=\"tab\" data-target=\"#content-9b9eb3b69e1f3d331daa\" href=\"#Content-9b9eb3b69e1f3d331daa\"\n                            data-ekit-toggle-trigger=\"mouseenter\"\n                            aria-describedby=\"Content-9b9eb3b69e1f3d331daa\">\n                            <span class=\"fas fa-table elementskit-tab-icon\"><\/span>                            <span class=\"elementskit-tab-title\">Application<\/span>\n                        <\/a>\n                    <\/li>\n                                <\/ul>\n\n            <div class=\"tab-content elementkit-tab-content\">\n                                    <div class=\"tab-pane elementkit-tab-pane elementor-repeater-item-f71ef3b  active show\" id=\"content-f71ef3b69e1f3d331daa\" role=\"tabpanel\"\n                         aria-labelledby=\"content-f71ef3b69e1f3d331daa-tab\">\n                        <div class=\"animated fadeIn\">\n                            <p>Le sulfate d'ammonium est un cristal incolore ou un granul\u00e9 blanc qui se dissout facilement dans l'eau. Il s'agit d'un engrais typique \u00e0 base d'azote, soluble dans l'eau et \u00e0 action rapide.<\/p><h2>Images<\/h2><figure id=\"attachment_1458\" aria-describedby=\"caption-attachment-1458\" style=\"width: 355px\" class=\"wp-caption alignleft\"><img fetchpriority=\"high\" decoding=\"async\" class=\"wp-image-1458\" src=\"https:\/\/www.yrcchem.com\/wp-content\/uploads\/2025\/07\/97646ae845d1f67a099c32e45cfcc167.jpg\" alt=\"Chlorure d&#039;ammonium\" width=\"355\" height=\"495\" srcset=\"https:\/\/www.yrcchem.com\/wp-content\/uploads\/2025\/07\/97646ae845d1f67a099c32e45cfcc167.jpg 1148w, https:\/\/www.yrcchem.com\/wp-content\/uploads\/2025\/07\/97646ae845d1f67a099c32e45cfcc167-215x300.jpg 215w, https:\/\/www.yrcchem.com\/wp-content\/uploads\/2025\/07\/97646ae845d1f67a099c32e45cfcc167-734x1024.jpg 734w, https:\/\/www.yrcchem.com\/wp-content\/uploads\/2025\/07\/97646ae845d1f67a099c32e45cfcc167-768x1071.jpg 768w, https:\/\/www.yrcchem.com\/wp-content\/uploads\/2025\/07\/97646ae845d1f67a099c32e45cfcc167-1101x1536.jpg 1101w, https:\/\/www.yrcchem.com\/wp-content\/uploads\/2025\/07\/97646ae845d1f67a099c32e45cfcc167-9x12.jpg 9w, https:\/\/www.yrcchem.com\/wp-content\/uploads\/2025\/07\/97646ae845d1f67a099c32e45cfcc167-800x1116.jpg 800w\" sizes=\"(max-width: 355px) 100vw, 355px\" \/><figcaption id=\"caption-attachment-1458\" class=\"wp-caption-text\">Chlorure d'ammonium<\/figcaption><\/figure><figure id=\"attachment_1461\" aria-describedby=\"caption-attachment-1461\" style=\"width: 438px\" class=\"wp-caption alignright\"><img decoding=\"async\" class=\"wp-image-1461\" src=\"https:\/\/www.yrcchem.com\/wp-content\/uploads\/2025\/07\/4f54f0422d9a4a65731c44fb2ea6042-1-907x1024.jpg\" alt=\"Chlorure d&#039;ammonium\" width=\"438\" height=\"495\" srcset=\"https:\/\/www.yrcchem.com\/wp-content\/uploads\/2025\/07\/4f54f0422d9a4a65731c44fb2ea6042-1-907x1024.jpg 907w, https:\/\/www.yrcchem.com\/wp-content\/uploads\/2025\/07\/4f54f0422d9a4a65731c44fb2ea6042-1-266x300.jpg 266w, https:\/\/www.yrcchem.com\/wp-content\/uploads\/2025\/07\/4f54f0422d9a4a65731c44fb2ea6042-1-768x867.jpg 768w, https:\/\/www.yrcchem.com\/wp-content\/uploads\/2025\/07\/4f54f0422d9a4a65731c44fb2ea6042-1-11x12.jpg 11w, https:\/\/www.yrcchem.com\/wp-content\/uploads\/2025\/07\/4f54f0422d9a4a65731c44fb2ea6042-1-800x903.jpg 800w, https:\/\/www.yrcchem.com\/wp-content\/uploads\/2025\/07\/4f54f0422d9a4a65731c44fb2ea6042-1.jpg 1279w\" sizes=\"(max-width: 438px) 100vw, 438px\" \/><figcaption id=\"caption-attachment-1461\" class=\"wp-caption-text\">Chlorure d'ammonium<\/figcaption><\/figure><figure id=\"attachment_1459\" aria-describedby=\"caption-attachment-1459\" style=\"width: 438px\" class=\"wp-caption alignright\"><img decoding=\"async\" class=\"wp-image-1459\" src=\"https:\/\/www.yrcchem.com\/wp-content\/uploads\/2025\/07\/1749625797186.jpg\" alt=\"Chlorure d&#039;ammonium\" width=\"438\" height=\"521\" srcset=\"https:\/\/www.yrcchem.com\/wp-content\/uploads\/2025\/07\/1749625797186.jpg 1278w, https:\/\/www.yrcchem.com\/wp-content\/uploads\/2025\/07\/1749625797186-252x300.jpg 252w, https:\/\/www.yrcchem.com\/wp-content\/uploads\/2025\/07\/1749625797186-861x1024.jpg 861w, https:\/\/www.yrcchem.com\/wp-content\/uploads\/2025\/07\/1749625797186-768x913.jpg 768w, https:\/\/www.yrcchem.com\/wp-content\/uploads\/2025\/07\/1749625797186-10x12.jpg 10w, https:\/\/www.yrcchem.com\/wp-content\/uploads\/2025\/07\/1749625797186-800x951.jpg 800w\" sizes=\"(max-width: 438px) 100vw, 438px\" \/><figcaption id=\"caption-attachment-1459\" class=\"wp-caption-text\">Chlorure d'ammonium<\/figcaption><\/figure><figure id=\"attachment_1482\" aria-describedby=\"caption-attachment-1482\" style=\"width: 371px\" class=\"wp-caption alignnone\"><img loading=\"lazy\" decoding=\"async\" class=\"wp-image-1482\" src=\"https:\/\/www.yrcchem.com\/wp-content\/uploads\/2025\/07\/\u5fae\u4fe1\u56fe\u7247_20250707094408-213x300.png\" alt=\"Chlorure d&#039;ammonium\" width=\"371\" height=\"521\" srcset=\"https:\/\/www.yrcchem.com\/wp-content\/uploads\/2025\/07\/\u5fae\u4fe1\u56fe\u7247_20250707094408-213x300.png 213w, https:\/\/www.yrcchem.com\/wp-content\/uploads\/2025\/07\/\u5fae\u4fe1\u56fe\u7247_20250707094408-9x12.png 9w, https:\/\/www.yrcchem.com\/wp-content\/uploads\/2025\/07\/\u5fae\u4fe1\u56fe\u7247_20250707094408.png 402w\" sizes=\"(max-width: 371px) 100vw, 371px\" \/><figcaption id=\"caption-attachment-1482\" class=\"wp-caption-text\">Chlorure d'ammonium<\/figcaption><\/figure><p><div style=\"width: 1080px;\" class=\"wp-video\"><video class=\"wp-video-shortcode\" id=\"video-17-1\" width=\"1080\" height=\"1920\" preload=\"metadata\" controls=\"controls\"><source type=\"video\/mp4\" src=\"https:\/\/www.yrcchem.com\/wp-content\/uploads\/2025\/09\/d6eff693cd12dbdfc83eea473e795ac6_raw.mp4?_=1\" \/><a href=\"https:\/\/www.yrcchem.com\/wp-content\/uploads\/2025\/09\/d6eff693cd12dbdfc83eea473e795ac6_raw.mp4\">https:\/\/www.yrcchem.com\/wp-content\/uploads\/2025\/09\/d6eff693cd12dbdfc83eea473e795ac6_raw.mp4<\/a><\/video><\/div><\/p><h2>Processus De Production<\/h2><p>H2SO4+2NH3=(NH4)2SO4 Le sulfate d'ammonium cristallin de qualit\u00e9 Caprolactame peut \u00eatre obtenu par la r\u00e9action de neutralisation de l'ammoniac et de l'acide sulfurique excessivement concentr\u00e9 provenant du processus de production du Caprolactame, puis par les processus de cristallisation, de d\u00e9cantation, de centrifugation, de s\u00e9chage et d'emballage. Le granul\u00e9 a \u00e9t\u00e9 obtenu par granulation avec la mati\u00e8re premi\u00e8re Small Crystal.<\/p>                        <\/div>\n                    <\/div>\n                                    <div class=\"tab-pane elementkit-tab-pane elementor-repeater-item-c431ce7\" id=\"content-c431ce769e1f3d331daa\" role=\"tabpanel\"\n                         aria-labelledby=\"content-c431ce769e1f3d331daa-tab\">\n                        <div class=\"animated fadeIn\">\n                            <table border=\"1\" cellspacing=\"1\" cellpadding=\"1\">\n<tbody>\n<tr>\n<td width=\"219\" height=\"50px;\">\u00c9l\u00e9ment D&#039;Essai<\/td>\n<td>Normes<\/td>\n<td>Des R\u00e9sultats De Test<\/td>\n<\/tr>\n<tr>\n<td width=\"219\" height=\"50px;\">Apparence<\/td>\n<td>Cristal blanc<\/td>\n<td>Conforme<\/td>\n<\/tr>\n<tr>\n<td width=\"219\" height=\"50px;\">Solubilit\u00e9<\/td>\n<td>Libre Soluble dans l'eau<\/td>\n<td>Conforme<\/td>\n<\/tr>\n<tr>\n<td width=\"219\" height=\"50px;\">Humidit\u00e9 %<\/td>\n<td>1,5 max<\/td>\n<td>0.50%<\/td>\n<\/tr>\n<tr>\n<td width=\"219\" height=\"50px;\">Nitrate<\/td>\n<td>NIL<\/td>\n<td>NIL<\/td>\n<\/tr>\n<tr>\n<td width=\"219\" height=\"50px;\">Le fer<\/td>\n<td>Gratuit<\/td>\n<td>Gratuit<\/td>\n<\/tr>\n<tr>\n<td width=\"219\" height=\"50px;\">PH<\/td>\n<td>7-8<\/td>\n<td>7<\/td>\n<\/tr>\n<tr>\n<td width=\"219\" height=\"50px;\">Mati\u00e8res insolubles<\/td>\n<td>NIL<\/td>\n<td>NIL<\/td>\n<\/tr>\n<tr>\n<td width=\"219\" height=\"50px;\">Particules de poussi\u00e8re<\/td>\n<td>Ne pas observer<\/td>\n<td>Ne pas observer<\/td>\n<\/tr>\n<tr>\n<td width=\"219\" height=\"50px;\">Fer Aluminium et chrome<\/td>\n<td>NIL<\/td>\n<td>NIL<\/td>\n<\/tr>\n<tr>\n<td height=\"50px;\">Contenu actif du chlorure d'ammonium<\/td>\n<td>97-98%<\/td>\n<td>99%<\/td>\n<\/tr>\n<\/tbody>\n<\/table>                        <\/div>\n                    <\/div>\n                                    <div class=\"tab-pane elementkit-tab-pane elementor-repeater-item-9a80a09\" id=\"content-9a80a0969e1f3d331daa\" role=\"tabpanel\"\n                         aria-labelledby=\"content-9a80a0969e1f3d331daa-tab\">\n                        <div class=\"animated fadeIn\">\n                            <p>Temp\u00e9rature de d\u00e9composition \u00e9lev\u00e9e et humidit\u00e9 relative critique, propri\u00e9t\u00e9s physicochimiques stables, faible absorption d'humidit\u00e9 et peu de prise en masse. Convient comme mati\u00e8re premi\u00e8re pour les engrais compos\u00e9s, car il ne contient pas de chlore ni de biuret. Les plantes peuvent facilement absorber l'ion ammonium (NH4+) et agir rapidement. Le sulfate d'ammonium est un sel avec un acide fort et une base faible ; sa solution aqueuse est faiblement acide. Il est tr\u00e8s pratique dans les sols salins et alcalins et peut am\u00e9liorer l'efficacit\u00e9 du sol.<\/p>                        <\/div>\n                    <\/div>\n                                    <div class=\"tab-pane elementkit-tab-pane elementor-repeater-item-9b9eb3b\" id=\"content-9b9eb3b69e1f3d331daa\" role=\"tabpanel\"\n                         aria-labelledby=\"content-9b9eb3b69e1f3d331daa-tab\">\n                        <div class=\"animated fadeIn\">\n                            <section class=\"elementor-section elementor-top-section elementor-element elementor-element-557798b0 elementor-section-boxed elementor-section-height-default elementor-section-height-default\" data-id=\"557798b0\" data-element_type=\"section\"><div class=\"elementor-container elementor-column-gap-default\"><div class=\"elementor-column elementor-col-100 elementor-top-column elementor-element elementor-element-65f8da0c\" data-id=\"65f8da0c\" data-element_type=\"column\"><div class=\"elementor-widget-wrap elementor-element-populated\"><div class=\"elementor-element elementor-element-651760ea elementor-widget elementor-widget-text-editor\" data-id=\"651760ea\" data-element_type=\"widget\" data-widget_type=\"text-editor.default\"><div class=\"elementor-widget-container\"><strong>Grandes cultures<\/strong>: Le sulfate d'ammonium est couramment utilis\u00e9 dans les cultures de plein champ telles que le ma\u00efs, le bl\u00e9 et le soja. Il est g\u00e9n\u00e9ralement appliqu\u00e9 pendant la saison de croissance pour soutenir la croissance v\u00e9g\u00e9tative et augmenter les rendements.\u00a0<\/div><div>\u00a0<\/div><div class=\"elementor-widget-container\"><strong>Cultures horticoles<\/strong>: Les fruits et l\u00e9gumes b\u00e9n\u00e9ficient de l'apport \u00e9quilibr\u00e9 d'azote et de soufre fourni par le sulfate d'ammonium. Il peut \u00eatre utilis\u00e9 comme engrais de surface ou incorpor\u00e9 au sol avant la plantation.\u00a0<\/div><div>\u00a0<\/div><div class=\"elementor-widget-container\"><strong>Gazon et pelouses<\/strong>: Le sulfate d'ammonium est souvent utilis\u00e9 pour fertiliser les pelouses, les terrains de golf et les terrains de sport. Son azote \u00e0 lib\u00e9ration rapide favorise une croissance verte et luxuriante, tandis que le soufre aide \u00e0 maintenir la sant\u00e9 du sol.\u00a0<\/div><div>\u00a0<\/div><div class=\"elementor-widget-container\"><strong>Cultures sp\u00e9cialis\u00e9es<\/strong>: Les cultures ayant des besoins \u00e9lev\u00e9s en soufre, telles que les oignons, l'ail et les l\u00e9gumes crucif\u00e8res (par exemple, le brocoli et le chou), b\u00e9n\u00e9ficient de mani\u00e8re significative des applications de sulfate d'ammonium.<\/div><\/div><\/div><\/div><\/div><\/section>                        <\/div>\n                    <\/div>\n                                \n            <\/div>\n                    <\/div>\n    <\/div>\t\t\t\t<\/div>\n\t\t\t\t<\/div>\n\t\t\t\t<div class=\"elementor-element elementor-element-08a34c2 elementor-align-center elementor-widget elementor-widget-button\" data-id=\"08a34c2\" data-element_type=\"widget\" data-e-type=\"widget\" data-widget_type=\"button.default\">\n\t\t\t\t<div class=\"elementor-widget-container\">\n\t\t\t\t\t\t\t\t\t<div class=\"elementor-button-wrapper\">\n\t\t\t\t\t<a class=\"elementor-button elementor-button-link elementor-size-sm\" href=\"https:\/\/www.yrcchem.com\/wp-content\/uploads\/2024\/08\/COA-Ammonium-chloride.pdf\" target=\"_blank\">\n\t\t\t\t\t\t<span class=\"elementor-button-content-wrapper\">\n\t\t\t\t\t\t\t\t\t<span class=\"elementor-button-text\">T\u00e9l\u00e9charger COA Maintenant<\/span>\n\t\t\t\t\t<\/span>\n\t\t\t\t\t<\/a>\n\t\t\t\t<\/div>\n\t\t\t\t\t\t\t\t<\/div>\n\t\t\t\t<\/div>\n\t\t\t\t\t<\/div>\n\t\t<\/div>\n\t\t\t\t\t<\/div>\n\t\t<\/section>\n\t\t\t\t<\/div>\n\t\t<div style='text-align:center' class='yasr-auto-insert-visitor'><\/div>","protected":false},"excerpt":{"rendered":"<p>Nom INCI : AMMONIUM CHLORIDE<\/p>\n<p><strong>Grade et norme<\/strong>: Poudre\/cristal blanc \uff08Agriculture, Qualit\u00e9 alimentaire, Qualit\u00e9 industrielle\uff09<\/p>\n<p><strong>CAS No.<\/strong>:\u00a012125-02-9<\/p>\n<p><strong>Formule mol\u00e9culaire<\/strong>:  NH4Cl<\/p>\n<p><strong>L&#039;emballage<\/strong>: en 25kg\/50kg\/1000kg\/sac<\/p>\n<p><strong>Autre nom<\/strong>: Sal ammoniac, Sel d'ammoniac, Chlorure d'hydrog\u00e8ne, Muriate d'ammonium, Sel de Nushadir<\/p>","protected":false},"featured_media":27,"comment_status":"open","ping_status":"closed","template":"","meta":{"_acf_changed":false,"_seopress_robots_primary_cat":"none","_seopress_titles_title":"Ammonium chloride,Salt of ammonia,Nushadir salt","_seopress_titles_desc":"Ammonium chloride is a white crystalline\/powdery inorganic compound commonly used as fertilizer, industrial electrolyte, and medicine.","_seopress_robots_index":"","_kad_post_transparent":"default","_kad_post_title":"","_kad_post_layout":"default","_kad_post_sidebar_id":"","_kad_post_content_style":"default","_kad_post_vertical_padding":"default","_kad_post_feature":"","_kad_post_feature_position":"","_kad_post_header":false,"_kad_post_footer":false,"yasr_overall_rating":5,"yasr_post_is_review":"","yasr_auto_insert_disabled":"","yasr_review_type":""},"product_brand":[],"product_cat":[16],"product_tag":[63,64,65,62],"class_list":{"0":"post-17","1":"product","2":"type-product","3":"status-publish","4":"has-post-thumbnail","6":"product_cat-fertilizers","7":"product_tag-ammonium-chloride","8":"product_tag-soluble-in-water","9":"product_tag-weak-acidity","10":"product_tag-white-crystalline-powdery-inorganic-compound","12":"first","13":"instock","14":"shipping-taxable","15":"product-type-simple","16":"entry","17":"content-bg","18":"loop-entry"},"acf":[],"yasr_visitor_votes":{"stars_attributes":{"read_only":false,"span_bottom":false},"number_of_votes":1,"sum_votes":5},"_links":{"self":[{"href":"https:\/\/www.yrcchem.com\/fr\/wp-json\/wp\/v2\/product\/17","targetHints":{"allow":["GET"]}}],"collection":[{"href":"https:\/\/www.yrcchem.com\/fr\/wp-json\/wp\/v2\/product"}],"about":[{"href":"https:\/\/www.yrcchem.com\/fr\/wp-json\/wp\/v2\/types\/product"}],"replies":[{"embeddable":true,"href":"https:\/\/www.yrcchem.com\/fr\/wp-json\/wp\/v2\/comments?post=17"}],"version-history":[{"count":53,"href":"https:\/\/www.yrcchem.com\/fr\/wp-json\/wp\/v2\/product\/17\/revisions"}],"predecessor-version":[{"id":1938,"href":"https:\/\/www.yrcchem.com\/fr\/wp-json\/wp\/v2\/product\/17\/revisions\/1938"}],"wp:featuredmedia":[{"embeddable":true,"href":"https:\/\/www.yrcchem.com\/fr\/wp-json\/wp\/v2\/media\/27"}],"wp:attachment":[{"href":"https:\/\/www.yrcchem.com\/fr\/wp-json\/wp\/v2\/media?parent=17"}],"wp:term":[{"taxonomy":"product_brand","embeddable":true,"href":"https:\/\/www.yrcchem.com\/fr\/wp-json\/wp\/v2\/product_brand?post=17"},{"taxonomy":"product_cat","embeddable":true,"href":"https:\/\/www.yrcchem.com\/fr\/wp-json\/wp\/v2\/product_cat?post=17"},{"taxonomy":"product_tag","embeddable":true,"href":"https:\/\/www.yrcchem.com\/fr\/wp-json\/wp\/v2\/product_tag?post=17"}],"curies":[{"name":"wp","href":"https:\/\/api.w.org\/{rel}","templated":true}]}}