{"id":21,"date":"2024-08-21T11:42:56","date_gmt":"2024-08-21T03:42:56","guid":{"rendered":"http:\/\/huagong.plushcigar.com\/?post_type=product&#038;p=21"},"modified":"2025-12-02T10:07:21","modified_gmt":"2025-12-02T02:07:21","slug":"bicarbonate-de-sodium","status":"publish","type":"product","link":"https:\/\/www.yrcchem.com\/fr\/produit\/bicarbonate-de-sodium\/","title":{"rendered":"Le Bicarbonate De Sodium"},"content":{"rendered":"<div data-elementor-type=\"product-post\" data-elementor-id=\"21\" class=\"elementor elementor-21\" data-elementor-post-type=\"product\">\n\t\t\t\t\t\t<section class=\"elementor-section elementor-top-section elementor-element elementor-element-7b2b6f79 .all-product elementor-section-boxed elementor-section-height-default elementor-section-height-default\" data-id=\"7b2b6f79\" data-element_type=\"section\" data-e-type=\"section\">\n\t\t\t\t\t\t<div class=\"elementor-container elementor-column-gap-default\">\n\t\t\t\t\t<div class=\"elementor-column elementor-col-100 elementor-top-column elementor-element elementor-element-7dc57a8c\" data-id=\"7dc57a8c\" data-element_type=\"column\" data-e-type=\"column\">\n\t\t\t<div class=\"elementor-widget-wrap elementor-element-populated\">\n\t\t\t\t\t\t<div class=\"elementor-element elementor-element-71e66179 elementor-widget elementor-widget-elementskit-simple-tab\" data-id=\"71e66179\" data-element_type=\"widget\" data-e-type=\"widget\" data-widget_type=\"elementskit-simple-tab.default\">\n\t\t\t\t<div class=\"elementor-widget-container\">\n\t\t\t\t\t<div class=\"ekit-wid-con\" >        <div class=\"elementkit-tab-wraper   elementskit-fitcontent-tab\">\n            <ul class=\"nav nav-tabs elementkit-tab-nav\">\n                                    <li class=\"elementkit-nav-item elementor-repeater-item-f71ef3b\">\n                        <a class=\"elementkit-nav-link  active show left-pos\" id=\"content-f71ef3b69dbdd67d9ded-tab\" data-ekit-handler-id=\"description\" data-ekit-toggle=\"tab\" data-target=\"#content-f71ef3b69dbdd67d9ded\" href=\"#Content-f71ef3b69dbdd67d9ded\"\n                            data-ekit-toggle-trigger=\"mouseenter\"\n                            aria-describedby=\"Content-f71ef3b69dbdd67d9ded\">\n                            <span class=\"fas fa-book elementskit-tab-icon\"><\/span>                            <span class=\"elementskit-tab-title\">Description<\/span>\n                        <\/a>\n                    <\/li>\n                                        <li class=\"elementkit-nav-item elementor-repeater-item-c431ce7\">\n                        <a class=\"elementkit-nav-link  left-pos\" id=\"content-c431ce769dbdd67d9ded-tab\" data-ekit-handler-id=\"technical-specification\" data-ekit-toggle=\"tab\" data-target=\"#content-c431ce769dbdd67d9ded\" href=\"#Content-c431ce769dbdd67d9ded\"\n                            data-ekit-toggle-trigger=\"mouseenter\"\n                            aria-describedby=\"Content-c431ce769dbdd67d9ded\">\n                            <span class=\"fas fa-table elementskit-tab-icon\"><\/span>                            <span class=\"elementskit-tab-title\">Sp\u00e9cification Technique<\/span>\n                        <\/a>\n                    <\/li>\n                                        <li class=\"elementkit-nav-item elementor-repeater-item-9a80a09\">\n                        <a class=\"elementkit-nav-link  left-pos\" id=\"content-9a80a0969dbdd67d9ded-tab\" data-ekit-handler-id=\"feature\" data-ekit-toggle=\"tab\" data-target=\"#content-9a80a0969dbdd67d9ded\" href=\"#Content-9a80a0969dbdd67d9ded\"\n                            data-ekit-toggle-trigger=\"mouseenter\"\n                            aria-describedby=\"Content-9a80a0969dbdd67d9ded\">\n                            <span class=\"fas fa-table elementskit-tab-icon\"><\/span>                            <span class=\"elementskit-tab-title\">Fonctionnalit\u00e9<\/span>\n                        <\/a>\n                    <\/li>\n                                        <li class=\"elementkit-nav-item elementor-repeater-item-9b9eb3b\">\n                        <a class=\"elementkit-nav-link  left-pos\" id=\"content-9b9eb3b69dbdd67d9ded-tab\" data-ekit-handler-id=\"application\" data-ekit-toggle=\"tab\" data-target=\"#content-9b9eb3b69dbdd67d9ded\" href=\"#Content-9b9eb3b69dbdd67d9ded\"\n                            data-ekit-toggle-trigger=\"mouseenter\"\n                            aria-describedby=\"Content-9b9eb3b69dbdd67d9ded\">\n                            <span class=\"fas fa-table elementskit-tab-icon\"><\/span>                            <span class=\"elementskit-tab-title\">Application<\/span>\n                        <\/a>\n                    <\/li>\n                                <\/ul>\n\n            <div class=\"tab-content elementkit-tab-content\">\n                                    <div class=\"tab-pane elementkit-tab-pane elementor-repeater-item-f71ef3b  active show\" id=\"content-f71ef3b69dbdd67d9ded\" role=\"tabpanel\"\n                         aria-labelledby=\"content-f71ef3b69dbdd67d9ded-tab\">\n                        <div class=\"animated fadeIn\">\n                            <p>Le bicarbonate de sodium est un cristal blanc, ou opaque monoclinique syst\u00e8me cristal fin, inodore, sal\u00e9 et frais, facilement soluble dans l'eau et le glyc\u00e9rol, et non soluble dans l'\u00e9thanol. La solubilit\u00e9 dans l'eau est de 7,8g (18\u2103), 16,0g (60 \u2103), la densit\u00e9 est de 2,20g\/cm3, la gravit\u00e9 sp\u00e9cifique est de 2,208, et l'indice de r\u00e9fraction est \u03b1 : 1,465. \u03b2 : 1,498 ; \u03b3 : 1,504, entropie standard 24,4J\/(mol-K), chaleur de formation 229,3kJ\/mol, chaleur de solution 4,33kJ\/mol, capacit\u00e9 thermique sp\u00e9cifique (Cp). 20.89J\/(mol-\u00b0C)(22\u00b0C).<\/p><p>Le bicarbonate de sodium ou carbonate monosodique est naturellement pr\u00e9sent dans certaines eaux min\u00e9rales. \u00c0 l'\u00e9chelle industrielle, il est produit \u00e0 partir de calcaire, de sel et d'ammoniaque. Il est utilis\u00e9 en cosm\u00e9tique pour ses propri\u00e9t\u00e9s abrasives et antibact\u00e9riennes. C'est pourquoi il existe de nombreuses sortes de dentifrices et de produits d'hygi\u00e8ne dentaire. Il est \u00e9galement utilis\u00e9 pour r\u00e9duire les compos\u00e9s sulfur\u00e9s volatils \u00e0 l'origine de la mauvaise haleine.<\/p><h2>Images<\/h2><p><img fetchpriority=\"high\" decoding=\"async\" class=\"alignnone size-full wp-image-467\" src=\"https:\/\/www.yrcchem.com\/wp-content\/uploads\/2024\/08\/3-6.jpg\" alt=\"Le Bicarbonate De Sodium\" width=\"600\" height=\"900\" \/><\/p><p><img decoding=\"async\" class=\"alignnone size-full wp-image-469\" src=\"https:\/\/www.yrcchem.com\/wp-content\/uploads\/2024\/08\/5-6.jpg\" alt=\"Le Bicarbonate De Sodium\" width=\"600\" height=\"675\" \/><\/p><p><img decoding=\"async\" class=\"alignnone size-full wp-image-470\" src=\"https:\/\/www.yrcchem.com\/wp-content\/uploads\/2024\/08\/6-6.jpg\" alt=\"Le Bicarbonate De Sodium\" width=\"600\" height=\"825\" \/><\/p><h2>Stabilit\u00e9\/dur\u00e9e de conservation :<\/h2><p>Maintenir des conditions optimales pour stocker efficacement le bicarbonate de sodium :<\/p><p>1) Conservez l'appareil dans un endroit frais (temp\u00e9rature ambiante), sec et \u00e0 l'abri de la lumi\u00e8re directe du soleil.<\/p><p>2) \u00c9vitez de le placer \u00e0 proximit\u00e9 de sources de chaleur telles que des fours ou des appareils de chauffage.<\/p><p>3) Le prot\u00e9ger des substances volatiles ou des odeurs fortes qui peuvent contaminer le produit.<\/p><h2>Paquet<\/h2><p>Un emballage ad\u00e9quat est essentiel pour prot\u00e9ger le bicarbonate de sodium de l'humidit\u00e9, des contaminants et de l'exposition \u00e0 la lumi\u00e8re. Il permet de conserver sa composition chimique, garantissant ainsi des performances optimales. En outre, des conditions de stockage appropri\u00e9es emp\u00eachent la d\u00e9gradation ou la perte d'efficacit\u00e9 au fil du temps.<\/p>                        <\/div>\n                    <\/div>\n                                    <div class=\"tab-pane elementkit-tab-pane elementor-repeater-item-c431ce7\" id=\"content-c431ce769dbdd67d9ded\" role=\"tabpanel\"\n                         aria-labelledby=\"content-c431ce769dbdd67d9ded-tab\">\n                        <div class=\"animated fadeIn\">\n                            <table border=\"1\"><tbody><tr><td width=\"226\"><strong><b>\u00c9l\u00e9ment D&#039;Essai<\/b><\/strong><\/td><td width=\"268\"><strong><b>Normes<\/b><\/strong><\/td><td width=\"185\"><strong><b>Des R\u00e9sultats De Test<\/b><\/strong><\/td><\/tr><tr><td width=\"226\">Apparence<\/td><td width=\"268\">Poudre cristalline<\/td><td width=\"185\">Poudre cristalline<\/td><\/tr><tr><td width=\"226\">Description des couleurs<\/td><td width=\"268\">blanc<\/td><td width=\"185\">blanc<\/td><\/tr><tr><td width=\"226\">Alcalinit\u00e9 totale\/%<\/td><td width=\"268\">\u226599.0-100.5<\/td><td width=\"185\">99.8<\/td><\/tr><tr><td width=\"226\">Perte s\u00e8che\/%<\/td><td width=\"268\">\u22640.2<\/td><td width=\"185\">0.07<\/td><\/tr><tr><td width=\"226\">pH<\/td><td width=\"268\">\u22648.5<\/td><td width=\"185\">8.24<\/td><\/tr><tr><td width=\"226\">Chlorure (en tant que CL)\/%<\/td><td width=\"268\">\u22640.40<\/td><td width=\"185\">0.09<\/td><\/tr><tr><td width=\"226\">La blancheur de la<\/td><td width=\"268\">\u226585.0<\/td><td width=\"185\">92<\/td><\/tr><tr><td width=\"226\">Arsenic\/(mg\/kg)<\/td><td width=\"268\">\u22641.0<\/td><td width=\"185\">0.17<\/td><\/tr><tr><td width=\"226\">M\u00e9taux lourds (en tant que Pb) (mg\/kg)<\/td><td width=\"268\">\u22645.0<\/td><td width=\"185\">0.036<\/td><\/tr><tr><td width=\"226\">Ammonium<\/td><td width=\"268\">Conforme \u00e0 la loi<\/td><td width=\"185\">Pas d'odeur ammoniacale<\/td><\/tr><tr><td width=\"226\">Clart\u00e9<\/td><td width=\"268\">Conforme \u00e0 la loi<\/td><td width=\"185\">Clair<\/td><\/tr><\/tbody><\/table>                        <\/div>\n                    <\/div>\n                                    <div class=\"tab-pane elementkit-tab-pane elementor-repeater-item-9a80a09\" id=\"content-9a80a0969dbdd67d9ded\" role=\"tabpanel\"\n                         aria-labelledby=\"content-9a80a0969dbdd67d9ded-tab\">\n                        <div class=\"animated fadeIn\">\n                            <h2>Caract\u00e9ristiques et avantages :<\/h2><p><strong>Abrasif<\/strong>: \u00c9limine les mati\u00e8res de la surface du corps, aide \u00e0 nettoyer les dents et \u00e0 les faire briller.<\/p><p><strong>R\u00e9gulateur de pH<\/strong>: Stabilise le PH des cosm\u00e9tiques<\/p><p><strong>D\u00e9odorant<\/strong>: R\u00e9duit ou masque les odeurs corporelles d\u00e9sagr\u00e9ables<\/p><p><strong>Produits d'hygi\u00e8ne bucco-dentaire<\/strong>: Effets cosm\u00e9tiques sur la cavit\u00e9 buccale (nettoyage, d\u00e9sodorisation et protection)<\/p><p><strong>Protection de la peau<\/strong>: Aide \u00e0 \u00e9viter les effets n\u00e9fastes des facteurs externes sur la peau<\/p>                        <\/div>\n                    <\/div>\n                                    <div class=\"tab-pane elementkit-tab-pane elementor-repeater-item-9b9eb3b\" id=\"content-9b9eb3b69dbdd67d9ded\" role=\"tabpanel\"\n                         aria-labelledby=\"content-9b9eb3b69dbdd67d9ded-tab\">\n                        <div class=\"animated fadeIn\">\n                            <h2>Application<\/h2><h3>D\u00e9tergent<\/h3><p>1. Alcalinisation : la lotion au bicarbonate de sodium est alcaline, elle peut neutraliser les substances acides, augmenter la valeur du pH local et jouer un r\u00f4le d'alcalinisation. Elle joue un r\u00f4le important dans le rin\u00e7age et la neutralisation de certaines irritations acides, br\u00fblures acides ou solutions acides.<\/p><p>2. Nettoyage et rin\u00e7age : la lotion au bicarbonate de sodium peut \u00eatre utilis\u00e9e pour nettoyer et rincer les plaies, les blessures ou d'autres zones contamin\u00e9es. Elle peut aider \u00e0 \u00e9liminer la salet\u00e9, les bact\u00e9ries, les toxines et autres substances nocives, favoriser la cicatrisation des plaies et r\u00e9duire le risque d'infection.<\/p><p>3. Effet antibact\u00e9rien : En raison de ses propri\u00e9t\u00e9s alcalines, la lotion au bicarbonate de sodium peut avoir un certain degr\u00e9 d'effet antibact\u00e9rien et inhiber certaines bact\u00e9ries et certains champignons. En outre, elle peut diluer, dissoudre ou r\u00e9guler la valeur du pH dans la compatibilit\u00e9 de certains m\u00e9dicaments afin de renforcer leur effet ou d'am\u00e9liorer leur stabilit\u00e9.<\/p><h3>Ajout de teinture<\/h3><p>Il peut \u00eatre utilis\u00e9 comme agent de fixation pour la teinture et l'impression, comme tampon acide-alcalin et comme agent de traitement arri\u00e8re pour la teinture et le finissage des tissus. L'ajout de bicarbonate de soude \u00e0 la teinture peut emp\u00eacher le fil de produire des fleurs color\u00e9es.<\/p><h3>Agent de d\u00e9moulage (qualit\u00e9 alimentaire)<\/h3><p>Dans l'industrie alimentaire, le bicarbonate de sodium est l'un des agents d'assouplissement les plus utilis\u00e9s, dans la production de biscuits, de pain, etc., mais apr\u00e8s l'action du carbonate de sodium, une trop grande utilisation rendra l'alcalinit\u00e9 de l'aliment trop importante et conduira \u00e0 une mauvaise saveur, une couleur jaune-brun.<\/p><p>Il peut \u00eatre combin\u00e9 avec de l'alun pour former de la poudre \u00e0 p\u00e2te alcaline, et peut \u00e9galement \u00eatre combin\u00e9 avec du carbonate de soude pour former de la pierre civile alcaline. Il peut \u00e9galement \u00eatre utilis\u00e9 comme conservateur du beurre.<\/p><p>Il peut \u00eatre utilis\u00e9 comme agent de protection de la couleur des fruits et l\u00e9gumes dans la transformation des l\u00e9gumes. L'ajout d'environ 0,1% \u00e0 0,2% de bicarbonate de sodium lors du lavage des fruits et des l\u00e9gumes peut augmenter la stabilit\u00e9 de la couleur verte. Lorsque le bicarbonate de sodium est utilis\u00e9 comme agent de traitement des fruits et l\u00e9gumes, la valeur du pH des fruits et l\u00e9gumes peut \u00eatre augment\u00e9e, la r\u00e9tention d'eau des prot\u00e9ines peut \u00eatre am\u00e9lior\u00e9e, les cellules des tissus des aliments peuvent \u00eatre adoucies et les composants astringents peuvent \u00eatre dissous. En outre, il \u00e9limine l'odeur du lait de brebis et la quantit\u00e9 utilis\u00e9e est comprise entre 0,001% et 0,002%.<\/p><p><em>Learn how to optimize your application by selecting the right\u00a0<a href=\"https:\/\/www.yrcchem.com\/beyond-the-kitchen-the-industrial-value-of-high-purity-and-specific-particle-size-sodium-bicarbonate\/\">purity and particle size<\/a>.<\/em><\/p>                        <\/div>\n                    <\/div>\n                                \n            <\/div>\n                    <\/div>\n    <\/div>\t\t\t\t<\/div>\n\t\t\t\t<\/div>\n\t\t\t\t<div class=\"elementor-element elementor-element-4bfb55a4 elementor-align-center elementor-widget elementor-widget-button\" data-id=\"4bfb55a4\" data-element_type=\"widget\" data-e-type=\"widget\" data-widget_type=\"button.default\">\n\t\t\t\t<div class=\"elementor-widget-container\">\n\t\t\t\t\t\t\t\t\t<div class=\"elementor-button-wrapper\">\n\t\t\t\t\t<a class=\"elementor-button elementor-button-link elementor-size-sm\" href=\"https:\/\/www.yrcchem.com\/wp-content\/uploads\/2024\/08\/COA-Sodium-bicarbonate.pdf\" target=\"_blank\">\n\t\t\t\t\t\t<span class=\"elementor-button-content-wrapper\">\n\t\t\t\t\t\t\t\t\t<span class=\"elementor-button-text\">T\u00e9l\u00e9charger COA Maintenant<\/span>\n\t\t\t\t\t<\/span>\n\t\t\t\t\t<\/a>\n\t\t\t\t<\/div>\n\t\t\t\t\t\t\t\t<\/div>\n\t\t\t\t<\/div>\n\t\t\t\t\t<\/div>\n\t\t<\/div>\n\t\t\t\t\t<\/div>\n\t\t<\/section>\n\t\t\t\t<\/div>\n\t\t<div style='text-align:center' class='yasr-auto-insert-visitor'><\/div>","protected":false},"excerpt":{"rendered":"<p><strong><span style=\"vertical-align: inherit;\"><span style=\"vertical-align: inherit;\">INCI \u540d\u79f0<\/span><\/span><\/strong><span style=\"vertical-align: inherit;\"><span style=\"vertical-align: inherit;\">: \u78b3\u9178\u6c22\u94a0<\/span><\/span><\/p>\n<p><strong><span style=\"vertical-align: inherit;\"><span style=\"vertical-align: inherit;\">CAS\u7f16\u53f7<\/span><\/span><\/strong><span style=\"vertical-align: inherit;\"><span style=\"vertical-align: inherit;\">\uff1a144-55-8<\/span><\/span><\/p>\n<p><strong><span style=\"vertical-align: inherit;\"><span style=\"vertical-align: inherit;\">\u5206\u5b50\u5f0f<\/span><\/span><\/strong><span style=\"vertical-align: inherit;\"><span style=\"vertical-align: inherit;\">\uff1aNaHCO\u2083<\/span><\/span><\/p>\n<p><strong>Source<\/strong>: Jinshan,Malan,Xuehua ,<\/p>\n<p><strong><span style=\"vertical-align: inherit;\"><span style=\"vertical-align: inherit;\">\u6267\u884c\u6807\u51c6<\/span><\/span><\/strong><span style=\"vertical-align: inherit;\"><span style=\"vertical-align: inherit;\">\uff1aGB1886.2-2015<\/span><\/span><\/p>\n<p><strong><span style=\"vertical-align: inherit;\"><span style=\"vertical-align: inherit;\">\u5305\u88c5<\/span><\/span><\/strong><span style=\"vertical-align: inherit;\"><span style=\"vertical-align: inherit;\">\uff1a25\u516c\u65a4\u6216\u5927\u5851\u7f16\u888b<\/span><\/span><\/p>\n<p><strong><span style=\"vertical-align: inherit;\"><span style=\"vertical-align: inherit;\">\u522b\u540d<\/span><\/span><\/strong><span style=\"vertical-align: inherit;\"><span style=\"vertical-align: inherit;\">\uff1a\u5c0f\u82cf\u6253\u3001\u5c0f\u82cf\u6253\u3001\u78b3\u9178\u6c22\u94a0\uff08\u5b9e\u9a8c\u5ba4\u4fda\u8bed\uff09\u3001\u78b3\u9178\u6c22\u94a0\u3001\u78b3\u9178\u76d0\u3001\u78b3\u9178\u6c22\u94a0\u3001<\/span><\/span><span style=\"vertical-align: inherit;\"><span style=\"vertical-align: inherit;\">\u78b3\u9178\u6c22\u94a0<\/span><\/span><\/p>","protected":false},"featured_media":41,"comment_status":"open","ping_status":"closed","template":"","meta":{"_acf_changed":false,"_seopress_robots_primary_cat":"none","_seopress_titles_title":"Sodium Bicarbonate, Bicarbonate of soda, Baking soda","_seopress_titles_desc":"Sodium bicarbonate, commonly known as baking soda, is a white crystalline powder like inorganic compound","_seopress_robots_index":"","_kad_post_transparent":"default","_kad_post_title":"","_kad_post_layout":"default","_kad_post_sidebar_id":"","_kad_post_content_style":"default","_kad_post_vertical_padding":"default","_kad_post_feature":"","_kad_post_feature_position":"","_kad_post_header":false,"_kad_post_footer":false,"yasr_overall_rating":5,"yasr_post_is_review":"","yasr_auto_insert_disabled":"","yasr_review_type":""},"product_brand":[],"product_cat":[17],"product_tag":[46,47,44,45],"class_list":{"0":"post-21","1":"product","2":"type-product","3":"status-publish","4":"has-post-thumbnail","6":"product_cat-chemicals","7":"product_tag-easy-to-decompose-under-heat","8":"product_tag-inorganic-compound","9":"product_tag-sodium-bicarbonate","10":"product_tag-weak-alkaline","12":"first","13":"instock","14":"shipping-taxable","15":"product-type-simple","16":"entry","17":"content-bg","18":"loop-entry"},"acf":[],"yasr_visitor_votes":{"stars_attributes":{"read_only":false,"span_bottom":false},"number_of_votes":1,"sum_votes":5},"_links":{"self":[{"href":"https:\/\/www.yrcchem.com\/fr\/wp-json\/wp\/v2\/product\/21","targetHints":{"allow":["GET"]}}],"collection":[{"href":"https:\/\/www.yrcchem.com\/fr\/wp-json\/wp\/v2\/product"}],"about":[{"href":"https:\/\/www.yrcchem.com\/fr\/wp-json\/wp\/v2\/types\/product"}],"replies":[{"embeddable":true,"href":"https:\/\/www.yrcchem.com\/fr\/wp-json\/wp\/v2\/comments?post=21"}],"version-history":[{"count":15,"href":"https:\/\/www.yrcchem.com\/fr\/wp-json\/wp\/v2\/product\/21\/revisions"}],"predecessor-version":[{"id":2334,"href":"https:\/\/www.yrcchem.com\/fr\/wp-json\/wp\/v2\/product\/21\/revisions\/2334"}],"wp:featuredmedia":[{"embeddable":true,"href":"https:\/\/www.yrcchem.com\/fr\/wp-json\/wp\/v2\/media\/41"}],"wp:attachment":[{"href":"https:\/\/www.yrcchem.com\/fr\/wp-json\/wp\/v2\/media?parent=21"}],"wp:term":[{"taxonomy":"product_brand","embeddable":true,"href":"https:\/\/www.yrcchem.com\/fr\/wp-json\/wp\/v2\/product_brand?post=21"},{"taxonomy":"product_cat","embeddable":true,"href":"https:\/\/www.yrcchem.com\/fr\/wp-json\/wp\/v2\/product_cat?post=21"},{"taxonomy":"product_tag","embeddable":true,"href":"https:\/\/www.yrcchem.com\/fr\/wp-json\/wp\/v2\/product_tag?post=21"}],"curies":[{"name":"wp","href":"https:\/\/api.w.org\/{rel}","templated":true}]}}