{"id":23,"date":"2024-08-21T11:42:56","date_gmt":"2024-08-21T03:42:56","guid":{"rendered":"http:\/\/huagong.plushcigar.com\/?post_type=product&#038;p=23"},"modified":"2025-12-02T10:27:34","modified_gmt":"2025-12-02T02:27:34","slug":"sulfate-de-sodium-anhydre","status":"publish","type":"product","link":"https:\/\/www.yrcchem.com\/fr\/produit\/sulfate-de-sodium-anhydre\/","title":{"rendered":"De Sulfate De Sodium Anhydre"},"content":{"rendered":"<div data-elementor-type=\"product-post\" data-elementor-id=\"23\" class=\"elementor elementor-23\" data-elementor-post-type=\"product\">\n\t\t\t\t\t\t<section class=\"elementor-section elementor-top-section elementor-element elementor-element-6fa5bc78 .all-product elementor-section-boxed elementor-section-height-default elementor-section-height-default\" data-id=\"6fa5bc78\" data-element_type=\"section\" data-e-type=\"section\">\n\t\t\t\t\t\t<div class=\"elementor-container elementor-column-gap-default\">\n\t\t\t\t\t<div class=\"elementor-column elementor-col-100 elementor-top-column elementor-element elementor-element-1d7c27d4\" data-id=\"1d7c27d4\" data-element_type=\"column\" data-e-type=\"column\">\n\t\t\t<div class=\"elementor-widget-wrap elementor-element-populated\">\n\t\t\t\t\t\t<div class=\"elementor-element elementor-element-5f6fb873 elementor-widget elementor-widget-elementskit-simple-tab\" data-id=\"5f6fb873\" data-element_type=\"widget\" data-e-type=\"widget\" data-widget_type=\"elementskit-simple-tab.default\">\n\t\t\t\t<div class=\"elementor-widget-container\">\n\t\t\t\t\t<div class=\"ekit-wid-con\" >        <div class=\"elementkit-tab-wraper   elementskit-fitcontent-tab\">\n            <ul class=\"nav nav-tabs elementkit-tab-nav\">\n                                    <li class=\"elementkit-nav-item elementor-repeater-item-f71ef3b\">\n                        <a class=\"elementkit-nav-link  active show left-pos\" id=\"content-f71ef3b69dbda796af8a-tab\" data-ekit-handler-id=\"description\" data-ekit-toggle=\"tab\" data-target=\"#content-f71ef3b69dbda796af8a\" href=\"#Content-f71ef3b69dbda796af8a\"\n                            data-ekit-toggle-trigger=\"mouseenter\"\n                            aria-describedby=\"Content-f71ef3b69dbda796af8a\">\n                            <span class=\"fas fa-book elementskit-tab-icon\"><\/span>                            <span class=\"elementskit-tab-title\">Description<\/span>\n                        <\/a>\n                    <\/li>\n                                        <li class=\"elementkit-nav-item elementor-repeater-item-c431ce7\">\n                        <a class=\"elementkit-nav-link  left-pos\" id=\"content-c431ce769dbda796af8a-tab\" data-ekit-handler-id=\"technical-specification\" data-ekit-toggle=\"tab\" data-target=\"#content-c431ce769dbda796af8a\" href=\"#Content-c431ce769dbda796af8a\"\n                            data-ekit-toggle-trigger=\"mouseenter\"\n                            aria-describedby=\"Content-c431ce769dbda796af8a\">\n                            <span class=\"fas fa-table elementskit-tab-icon\"><\/span>                            <span class=\"elementskit-tab-title\">Sp\u00e9cification Technique<\/span>\n                        <\/a>\n                    <\/li>\n                                        <li class=\"elementkit-nav-item elementor-repeater-item-9a80a09\">\n                        <a class=\"elementkit-nav-link  left-pos\" id=\"content-9a80a0969dbda796af8a-tab\" data-ekit-handler-id=\"feature\" data-ekit-toggle=\"tab\" data-target=\"#content-9a80a0969dbda796af8a\" href=\"#Content-9a80a0969dbda796af8a\"\n                            data-ekit-toggle-trigger=\"mouseenter\"\n                            aria-describedby=\"Content-9a80a0969dbda796af8a\">\n                            <span class=\"fas fa-table elementskit-tab-icon\"><\/span>                            <span class=\"elementskit-tab-title\">Fonctionnalit\u00e9<\/span>\n                        <\/a>\n                    <\/li>\n                                        <li class=\"elementkit-nav-item elementor-repeater-item-9b9eb3b\">\n                        <a class=\"elementkit-nav-link  left-pos\" id=\"content-9b9eb3b69dbda796af8a-tab\" data-ekit-handler-id=\"application\" data-ekit-toggle=\"tab\" data-target=\"#content-9b9eb3b69dbda796af8a\" href=\"#Content-9b9eb3b69dbda796af8a\"\n                            data-ekit-toggle-trigger=\"mouseenter\"\n                            aria-describedby=\"Content-9b9eb3b69dbda796af8a\">\n                            <span class=\"fas fa-table elementskit-tab-icon\"><\/span>                            <span class=\"elementskit-tab-title\">Application<\/span>\n                        <\/a>\n                    <\/li>\n                                <\/ul>\n\n            <div class=\"tab-content elementkit-tab-content\">\n                                    <div class=\"tab-pane elementkit-tab-pane elementor-repeater-item-f71ef3b  active show\" id=\"content-f71ef3b69dbda796af8a\" role=\"tabpanel\"\n                         aria-labelledby=\"content-f71ef3b69dbda796af8a-tab\">\n                        <div class=\"animated fadeIn\">\n                            <p>Le sulfate de sodium, \u00e9galement connu sous le nom de sulfate de sodium ou de sel de Glauber, est un compos\u00e9 chimique aux applications diverses dans diff\u00e9rents secteurs. Il s'agit d'un solide cristallin blanc, inodore et tr\u00e8s soluble dans l'eau. Le sulfate de sodium est d\u00e9riv\u00e9 de sources naturelles et synth\u00e9tiques et est utilis\u00e9 depuis des si\u00e8cles en raison de sa polyvalence et de ses propri\u00e9t\u00e9s b\u00e9n\u00e9fiques.<\/p><p>Le sulfate de sodium (\u00e9galement connu sous le nom de sulfate de sodium ou de sulfate de soude) est un compos\u00e9 inorganique dont la formule est Na2SO4, ainsi que plusieurs hydrates apparent\u00e9s. Toutes les formes sont des solides blancs tr\u00e8s solubles dans l'eau. Avec une production annuelle de 6 millions de tonnes, le d\u00e9cahydrate est un produit chimique de base important. Il est principalement utilis\u00e9 comme charge dans la fabrication de d\u00e9tergents m\u00e9nagers en poudre et dans le processus Kraft de fabrication de p\u00e2te \u00e0 papier pour produire des sulfures hautement alcalins.<\/p><p>This high-purity Anhydrous Sodium Sulfate is manufactured with a commitment to environmental responsibility. Dive deeper into\u00a0<a href=\"https:\/\/www.yrcchem.com\/anhydrous-sodium-sulfate-your-smart-sustainable-choice\/\"><em>our green manufacturing process<\/em><\/a>\u00a0and the strategic advantages it offers to your supply chain.<\/p><p><em>Explore our manufacturing and quality control in our\u00a0<a href=\"https:\/\/www.yrcchem.com\/inside-our-anhydrous-sodium-sulfate-plant-a-transparent-virtual-tour\/\" target=\"_blank\" rel=\"noopener noreferrer\">Virtual Factory Tour<\/a><\/em><\/p><h2>Images<\/h2><p><img fetchpriority=\"high\" decoding=\"async\" class=\"alignnone size-full wp-image-480\" src=\"https:\/\/www.yrcchem.com\/wp-content\/uploads\/2024\/08\/4-8.jpg\" alt=\"Le Sulfate De Sodium Anhydre\" width=\"600\" height=\"749\" \/><\/p><p><img decoding=\"async\" class=\"alignnone size-full wp-image-481\" src=\"https:\/\/www.yrcchem.com\/wp-content\/uploads\/2024\/08\/5-8.jpg\" alt=\"Le Sulfate De Sodium Anhydre\" width=\"600\" height=\"664\" \/><\/p><p><img decoding=\"async\" class=\"alignnone size-full wp-image-482\" src=\"https:\/\/www.yrcchem.com\/wp-content\/uploads\/2024\/08\/6-8.jpg\" alt=\"Le Sulfate De Sodium Anhydre\" width=\"600\" height=\"750\" \/><\/p><p><img loading=\"lazy\" decoding=\"async\" class=\"alignnone size-full wp-image-483\" src=\"https:\/\/www.yrcchem.com\/wp-content\/uploads\/2024\/08\/7-4.jpg\" alt=\"Le Sulfate De Sodium Anhydre\" width=\"600\" height=\"494\" \/><\/p>                        <\/div>\n                    <\/div>\n                                    <div class=\"tab-pane elementkit-tab-pane elementor-repeater-item-c431ce7\" id=\"content-c431ce769dbda796af8a\" role=\"tabpanel\"\n                         aria-labelledby=\"content-c431ce769dbda796af8a-tab\">\n                        <div class=\"animated fadeIn\">\n                            <table border=\"1\" width=\"537\">\n<tbody>\n<tr>\n<td width=\"219\" height=\"50px;\">\u00c9l\u00e9ment D&#039;Essai<\/td>\n<td width=\"219\" height=\"50px;\">Normes<\/td>\n<td width=\"159\">Des R\u00e9sultats De Test<\/td>\n<\/tr>\n<tr>\n<td width=\"219\" height=\"50px;\">Na2SO4%<\/td>\n<td width=\"159\">99.00% min<\/td>\n<td width=\"159\">99.5<\/td>\n<\/tr>\n<tr>\n<td width=\"219\" height=\"50px;\">Mati\u00e8re insoluble dans l&#039;eau%<\/td>\n<td width=\"159\">0.1% max<\/td>\n<td width=\"159\">0.02<\/td>\n<\/tr>\n<tr>\n<td width=\"219\" height=\"50px;\">Ca \uff06Mg (Mg)%<\/td>\n<td width=\"159\">0.3% max<\/td>\n<td width=\"159\">0.02<\/td>\n<\/tr>\n<tr>\n<td width=\"219\" height=\"50px;\">Le Chlorure(Cl )%<\/td>\n<td width=\"159\">0.7% max<\/td>\n<td width=\"159\">0.66<\/td>\n<\/tr>\n<tr>\n<td width=\"219\" height=\"50px;\">Fe %<\/td>\n<td width=\"159\">0.1% max<\/td>\n<td width=\"159\">0.001<\/td>\n<\/tr>\n<tr>\n<td width=\"219\" height=\"50px;\">Humidit\u00e9 %<\/td>\n<td width=\"159\">De 0,20% max<\/td>\n<td width=\"159\">0.03<\/td>\n<\/tr>\n<tr>\n<td width=\"219\" height=\"50px;\">La blancheur de la<\/td>\n<td width=\"159\">82% min<\/td>\n<td width=\"159\">88<\/td>\n<\/tr>\n<tr>\n<td width=\"219\" height=\"50px;\">La Valeur du PH<\/td>\n<td width=\"159\">8-10<\/td>\n<td width=\"159\">9.1<\/td>\n<\/tr>\n<\/tbody>\n<\/table>\n&nbsp;                        <\/div>\n                    <\/div>\n                                    <div class=\"tab-pane elementkit-tab-pane elementor-repeater-item-9a80a09\" id=\"content-9a80a0969dbda796af8a\" role=\"tabpanel\"\n                         aria-labelledby=\"content-9a80a0969dbda796af8a-tab\">\n                        <div class=\"animated fadeIn\">\n                            <h2>Caract\u00e9ristiques et avantages :<\/h2><p>L'utilit\u00e9 du sulfate de sodium peut \u00eatre attribu\u00e9e \u00e0 plusieurs avantages cl\u00e9s :<\/p><p><strong>Abordabilit\u00e9<\/strong>: Le sulfate de sodium est rentable, ce qui en fait une option int\u00e9ressante pour les industries qui ont besoin de grandes quantit\u00e9s de ce compos\u00e9.<\/p><p><strong>Polyvalence<\/strong>: Son large \u00e9ventail d'applications dans diff\u00e9rentes industries met en \u00e9vidence sa polyvalence en tant que compos\u00e9 chimique.<\/p><p><strong>Respect de l'environnement<\/strong>: Le sulfate de sodium est non toxique et respectueux de l'environnement. Il est peu nocif pour les \u00e9cosyst\u00e8mes lorsqu'il est manipul\u00e9 et \u00e9limin\u00e9 correctement.<\/p><p><strong>Agent colorant efficace<\/strong>: Dans l'industrie textile, il permet d'obtenir des couleurs uniformes et \u00e9clatantes dans les tissus au cours du processus de teinture.<\/p><p><strong>Approbation r\u00e9glementaire<\/strong>: L'utilisation de ce produit dans diverses industries a \u00e9t\u00e9 approuv\u00e9e par des organismes de r\u00e9glementation, ce qui garantit sa s\u00e9curit\u00e9 et son ad\u00e9quation aux applications pr\u00e9vues.<\/p><h2>Stabilit\u00e9\/dur\u00e9e de conservation :<\/h2><p>Stable, il s'oxyde l\u00e9g\u00e8rement lors d'un stockage \u00e0 long terme. Lorsqu'il est stock\u00e9 dans un endroit frais et sec, la dur\u00e9e de conservation attendue avec une d\u00e9gradation minimale (activit\u00e9 inf\u00e9rieure \u00e0 1%) est d'un an. La dur\u00e9e de conservation r\u00e9elle peut \u00eatre plus longue.<\/p>                        <\/div>\n                    <\/div>\n                                    <div class=\"tab-pane elementkit-tab-pane elementor-repeater-item-9b9eb3b\" id=\"content-9b9eb3b69dbda796af8a\" role=\"tabpanel\"\n                         aria-labelledby=\"content-9b9eb3b69dbda796af8a-tab\">\n                        <div class=\"animated fadeIn\">\n                            <div class=\"elementor-element elementor-element-3cd2a171 elementor-widget elementor-widget-woocommerce-product-content\" data-id=\"3cd2a171\" data-element_type=\"widget\" data-widget_type=\"woocommerce-product-content.default\"><div class=\"elementor-widget-container\"><h2>Application :<\/h2><h3>D\u00e9tergents<\/h3><p>La plus grande utilisation est celle de charge dans les d\u00e9tergents en poudre pour la lessive domestique, qui consomme environ 50% de la production mondiale.<\/p><h3>Fabrication du papier<\/h3><p>dans le processus Kraft pour la fabrication de la p\u00e2te \u00e0 papier. Les substances organiques pr\u00e9sentes dans la \"liqueur noire\" de ce processus sont br\u00fbl\u00e9es pour produire de la chaleur, qui est n\u00e9cessaire pour entra\u00eener la r\u00e9duction du sulfate de sodium en sulfure de sodium.<\/p><h3>Verrerie<\/h3><p>Le sulfate de sodium est un agent de collage qui aide \u00e0 \u00e9liminer les petites bulles d'air du verre en fusion. Il fluidifie le verre et emp\u00eache la formation d'\u00e9cume dans le verre fondu pendant l'affinage.<\/p><h3>Textiles<\/h3><p>Du sulfate de sodium est ajout\u00e9 pour augmenter la force ionique de la solution. Cela permet de \"niveler\", c'est-\u00e0-dire de r\u00e9duire les charges \u00e9lectriques n\u00e9gatives sur les fibres textiles afin que les colorants puissent p\u00e9n\u00e9trer uniform\u00e9ment. Contrairement au chlorure de sodium, le sulfate de sodium ne corrode pas les cuves en acier inoxydable utilis\u00e9es pour la teinture.<\/p><h3>Industrie alimentaire<\/h3><p>Le sulfate de sodium est utilis\u00e9 comme diluant pour les colorants alimentaires.<\/p><\/div><\/div>                        <\/div>\n                    <\/div>\n                                \n            <\/div>\n                    <\/div>\n    <\/div>\t\t\t\t<\/div>\n\t\t\t\t<\/div>\n\t\t\t\t<div class=\"elementor-element elementor-element-4333956 elementor-align-center elementor-widget elementor-widget-button\" data-id=\"4333956\" data-element_type=\"widget\" data-e-type=\"widget\" data-widget_type=\"button.default\">\n\t\t\t\t<div class=\"elementor-widget-container\">\n\t\t\t\t\t\t\t\t\t<div class=\"elementor-button-wrapper\">\n\t\t\t\t\t<a class=\"elementor-button elementor-button-link elementor-size-sm\" href=\"https:\/\/www.yrcchem.com\/wp-content\/uploads\/2024\/08\/COA-Anhydrous-Sodium-Sulphate.pdf\" target=\"_blank\">\n\t\t\t\t\t\t<span class=\"elementor-button-content-wrapper\">\n\t\t\t\t\t\t\t\t\t<span class=\"elementor-button-text\">T\u00e9l\u00e9charger COA Maintenant<\/span>\n\t\t\t\t\t<\/span>\n\t\t\t\t\t<\/a>\n\t\t\t\t<\/div>\n\t\t\t\t\t\t\t\t<\/div>\n\t\t\t\t<\/div>\n\t\t\t\t\t<\/div>\n\t\t<\/div>\n\t\t\t\t\t<\/div>\n\t\t<\/section>\n\t\t\t\t<\/div>\n\t\t<div style='text-align:center' class='yasr-auto-insert-visitor'><\/div>","protected":false},"excerpt":{"rendered":"<p><strong>Nom INCI<\/strong>: Sulfate de Sodium<\/p>\n<p><strong>PH<\/strong>: 9-10, min\u00e9ral naturel, <a href=\"https:\/\/www.yrcchem.com\/product\/sodium-sulphate-anhydrous\/\" target=\"_blank\" rel=\"noopener\">6-8 PH<\/a><\/p>\n<p><strong>CAS No.<\/strong>: 7757-82-6<\/p>\n<p><strong>Formule mol\u00e9culaire<\/strong>: Na2SO4<\/p>\n<p><strong>Source<\/strong>: CNGR, BAIMEI, QINGYIJIANG<\/p>\n<p><strong>Standard ex\u00e9cut\u00e9<\/strong>: GB\/T 6009-2014<\/p>\n<p><strong>L&#039;emballage<\/strong>: dans 50kg\/1000kg sac, \u00e9galement accepter client d&#039;OEM d&#039;emballage<\/p>\n<p><strong>Autre nom<\/strong>: sulfate de sodium, sulfate de sodium anhydre, sulfate de sodium anhydre, sel de Glauber ou AES, sulfate de soude,Sulfate disodique,Thenardite,G\u00e2teau de sel,Sel disodique de l'acide sulfurique<\/p>","protected":false},"featured_media":47,"comment_status":"open","ping_status":"closed","template":"","meta":{"_acf_changed":false,"_seopress_robots_primary_cat":"none","_seopress_titles_title":"Anhydrous sodium sulphate,Sodium sulphate,Sodium sulfate","_seopress_titles_desc":"Anhydrous sodium sulphate is a white, odorless crystalline powder widely used in chemical production and laboratories.","_seopress_robots_index":"","_kad_post_transparent":"default","_kad_post_title":"","_kad_post_layout":"default","_kad_post_sidebar_id":"","_kad_post_content_style":"default","_kad_post_vertical_padding":"default","_kad_post_feature":"","_kad_post_feature_position":"","_kad_post_header":false,"_kad_post_footer":false,"yasr_overall_rating":5,"yasr_post_is_review":"","yasr_auto_insert_disabled":"","yasr_review_type":""},"product_brand":[],"product_cat":[17],"product_tag":[52,57,55,54,56,53],"class_list":{"0":"post-23","1":"product","2":"type-product","3":"status-publish","4":"has-post-thumbnail","6":"product_cat-chemicals","7":"product_tag-anhydrous-sodium-sulphate","8":"product_tag-chemical-stability","9":"product_tag-high-melting-point","10":"product_tag-odorless-crystalline-powder","11":"product_tag-strong-hygroscopicity","12":"product_tag-white","14":"first","15":"instock","16":"shipping-taxable","17":"product-type-simple","18":"entry","19":"content-bg","20":"loop-entry"},"acf":[],"yasr_visitor_votes":{"stars_attributes":{"read_only":false,"span_bottom":false},"number_of_votes":1,"sum_votes":5},"_links":{"self":[{"href":"https:\/\/www.yrcchem.com\/fr\/wp-json\/wp\/v2\/product\/23","targetHints":{"allow":["GET"]}}],"collection":[{"href":"https:\/\/www.yrcchem.com\/fr\/wp-json\/wp\/v2\/product"}],"about":[{"href":"https:\/\/www.yrcchem.com\/fr\/wp-json\/wp\/v2\/types\/product"}],"replies":[{"embeddable":true,"href":"https:\/\/www.yrcchem.com\/fr\/wp-json\/wp\/v2\/comments?post=23"}],"version-history":[{"count":26,"href":"https:\/\/www.yrcchem.com\/fr\/wp-json\/wp\/v2\/product\/23\/revisions"}],"predecessor-version":[{"id":2502,"href":"https:\/\/www.yrcchem.com\/fr\/wp-json\/wp\/v2\/product\/23\/revisions\/2502"}],"wp:featuredmedia":[{"embeddable":true,"href":"https:\/\/www.yrcchem.com\/fr\/wp-json\/wp\/v2\/media\/47"}],"wp:attachment":[{"href":"https:\/\/www.yrcchem.com\/fr\/wp-json\/wp\/v2\/media?parent=23"}],"wp:term":[{"taxonomy":"product_brand","embeddable":true,"href":"https:\/\/www.yrcchem.com\/fr\/wp-json\/wp\/v2\/product_brand?post=23"},{"taxonomy":"product_cat","embeddable":true,"href":"https:\/\/www.yrcchem.com\/fr\/wp-json\/wp\/v2\/product_cat?post=23"},{"taxonomy":"product_tag","embeddable":true,"href":"https:\/\/www.yrcchem.com\/fr\/wp-json\/wp\/v2\/product_tag?post=23"}],"curies":[{"name":"wp","href":"https:\/\/api.w.org\/{rel}","templated":true}]}}